{"id":403,"date":"2018-05-05T19:20:38","date_gmt":"2018-05-05T19:20:38","guid":{"rendered":"http:\/\/www.piat.type.pl\/swiat\/?page_id=403"},"modified":"2018-06-04T20:34:13","modified_gmt":"2018-06-04T20:34:13","slug":"o-autorach","status":"publish","type":"page","link":"https:\/\/www.piat.type.pl\/swiat\/o-autorach\/","title":{"rendered":"O autorach"},"content":{"rendered":"<p style=\"text-align: justify;\"><strong>Iwona &#8222;Szumi&#8221; Szumacher <\/strong>&#8211; geograf, uczestniczka wielu wypraw g\u00f3rskich, g\u0142\u00f3wnie w Andy. Po nizinach woli biega\u0107, ni\u017c chodzi\u0107.<\/p>\n<p style=\"text-align: justify;\"><strong>Andrzej Pi\u0105tek<\/strong> &#8211; in\u017cynier z zawodu, a z zami\u0142owania turysta g\u00f3rski i\u00a0taternik. Zadeklarowany zwolennik lekkiego plecaka i ma\u0142ych aparat\u00f3w fotograficznych.<\/p>\n","protected":false},"excerpt":{"rendered":"<p>Iwona &#8222;Szumi&#8221; Szumacher &#8211; geograf, uczestniczka wielu wypraw g\u00f3rskich, g\u0142\u00f3wnie w Andy. Po nizinach woli biega\u0107, ni\u017c chodzi\u0107. Andrzej Pi\u0105tek &#8211; in\u017cynier z zawodu, a z zami\u0142owania turysta g\u00f3rski i\u00a0taternik. Zadeklarowany zwolennik lekkiego plecaka i ma\u0142ych aparat\u00f3w fotograficznych.<\/p>\n","protected":false},"author":1,"featured_media":0,"parent":0,"menu_order":2,"comment_status":"closed","ping_status":"closed","template":"","meta":{"footnotes":""},"class_list":["post-403","page","type-page","status-publish","hentry"],"_links":{"self":[{"href":"https:\/\/www.piat.type.pl\/swiat\/wp-json\/wp\/v2\/pages\/403","targetHints":{"allow":["GET"]}}],"collection":[{"href":"https:\/\/www.piat.type.pl\/swiat\/wp-json\/wp\/v2\/pages"}],"about":[{"href":"https:\/\/www.piat.type.pl\/swiat\/wp-json\/wp\/v2\/types\/page"}],"author":[{"embeddable":true,"href":"https:\/\/www.piat.type.pl\/swiat\/wp-json\/wp\/v2\/users\/1"}],"replies":[{"embeddable":true,"href":"https:\/\/www.piat.type.pl\/swiat\/wp-json\/wp\/v2\/comments?post=403"}],"version-history":[{"count":0,"href":"https:\/\/www.piat.type.pl\/swiat\/wp-json\/wp\/v2\/pages\/403\/revisions"}],"wp:attachment":[{"href":"https:\/\/www.piat.type.pl\/swiat\/wp-json\/wp\/v2\/media?parent=403"}],"curies":[{"name":"wp","href":"https:\/\/api.w.org\/{rel}","templated":true}]}}