{"id":2,"date":"2018-04-03T18:14:03","date_gmt":"2018-04-03T18:14:03","guid":{"rendered":"http:\/\/www.piat.type.pl\/swiat\/?page_id=2"},"modified":"2018-06-24T11:42:25","modified_gmt":"2018-06-24T11:42:25","slug":"about","status":"publish","type":"page","link":"https:\/\/www.piat.type.pl\/swiat\/about\/","title":{"rendered":"O impresjach"},"content":{"rendered":"<p style=\"text-align: justify;\">Co to jest impresja? Pomys\u0142 wzi\u0105\u0142 si\u0119 z Klubu Podr\u00f3\u017cy Jarema. Przed pokazami slajd\u00f3w, organizowanymi i prowadzonymi tam przez muzycznego podr\u00f3\u017cnika Piotra Piegata, prezentowana jest kr\u00f3tka, kilkuminutowa forma nazywana miniatur\u0105. Na klubowej stronie internetowej\u00a0<a href=\"http:\/\/www.jarema.waw.pl\">www.jarema.waw.pl<\/a> miniatur\u0119 zdefiniowano w taki spos\u00f3b:<\/p>\n<p style=\"text-align: justify;\"><em>&#8222;Miniatura to kr\u00f3tki obraz przesuwaj\u0105cych si\u0119 na ekranie slajd\u00f3w, ubarwiony (komentowany) wy\u0142\u0105cznie odtwarzanymi d\u017awi\u0119kami muzyki, strofami poezji \u015bpiewanej, brzmieniami ludowych g\u0142os\u00f3w i tradycyjnych instrument\u00f3w. Komentarz werbalny niech pozostanie domen\u0105 w\u0142a\u015bciwego pokazu&#8230;&#8221;<\/em><\/p>\n<p style=\"text-align: justify;\">Impresja i miniatura &#8211; to w\u0142a\u015bciwie to samo. Niekt\u00f3re powsta\u0142y jako samodzielne produkty, inne sta\u0142y si\u0119 cz\u0119\u015bci\u0105 lub przerywnikiem wykorzystywanym w pe\u0142nowymiarowych pokazach. Takie kr\u00f3tkie formy &#8211; to \u017caden wynalazek &#8211; internet jest pe\u0142en rozmaitych filmik\u00f3w czy wideoklip\u00f3w. Nasze produkcje odr\u00f3\u017cnia od innych to, \u017ce koncentrujemy si\u0119 na szeroko rozumianej tematyce podr\u00f3\u017cniczej, oraz to, \u017ce u\u017cywamy raczej zdj\u0119\u0107 ni\u017c film\u00f3w. Duch czasu wymusza, \u017ce niekt\u00f3re z tych zdj\u0119\u0107 s\u0105 troch\u0119 ruchome, ale uwa\u017camy, \u017ce to nadal s\u0105 bardziej slajdy ni\u017c filmy. Impresje nie spe\u0142niaj\u0105 funkcji informacyjnej, cho\u0107by dlatego, \u017ce s\u0105 pozbawione komentarza s\u0142ownego, kt\u00f3ry zosta\u0142 zast\u0105piony muzyk\u0105. Muzyka lepiej ni\u017c s\u0142owa nadaje si\u0119 do budowania nastroju, a to jest w\u0142a\u015bnie g\u0142\u00f3wny cel. A najch\u0119tniej wykorzystujemy piosenki. One s\u0105 najlepszym t\u0142em lub komentarzem do obraz\u00f3w, bo przecie\u017c w piosenkach powiedziano ju\u017c wszystko, i to zwykle znacznie lepiej, ni\u017c sami byliby\u015bmy w&nbsp;stanie to zrobi\u0107.<\/p>\n<p style=\"text-align: justify;\">Nasze impresje proponujemy ogl\u0105da\u0107 na du\u017cym ekranie, z&nbsp;dobrym d\u017awi\u0119kiem &#8211; jest tam du\u017co dobrej muzyki, kt\u00f3ra na to zas\u0142uguje. Mo\u017cliwe, \u017ce na telefonach nie b\u0119d\u0105 si\u0119 chcia\u0142y wy\u015bwietla\u0107.<\/p>\n","protected":false},"excerpt":{"rendered":"<p>Co to jest impresja? Pomys\u0142 wzi\u0105\u0142 si\u0119 z Klubu Podr\u00f3\u017cy Jarema. Przed pokazami slajd\u00f3w, organizowanymi i prowadzonymi tam przez muzycznego podr\u00f3\u017cnika Piotra Piegata, prezentowana jest kr\u00f3tka, kilkuminutowa forma nazywana miniatur\u0105. Na klubowej stronie internetowej\u00a0www.jarema.waw.pl miniatur\u0119 zdefiniowano w taki spos\u00f3b: &#8222;Miniatura to kr\u00f3tki obraz przesuwaj\u0105cych si\u0119 na ekranie slajd\u00f3w, ubarwiony (komentowany) wy\u0142\u0105cznie odtwarzanymi d\u017awi\u0119kami muzyki, strofami [&hellip;]<\/p>\n","protected":false},"author":1,"featured_media":0,"parent":0,"menu_order":1,"comment_status":"closed","ping_status":"closed","template":"","meta":{"footnotes":""},"class_list":["post-2","page","type-page","status-publish","hentry"],"_links":{"self":[{"href":"https:\/\/www.piat.type.pl\/swiat\/wp-json\/wp\/v2\/pages\/2","targetHints":{"allow":["GET"]}}],"collection":[{"href":"https:\/\/www.piat.type.pl\/swiat\/wp-json\/wp\/v2\/pages"}],"about":[{"href":"https:\/\/www.piat.type.pl\/swiat\/wp-json\/wp\/v2\/types\/page"}],"author":[{"embeddable":true,"href":"https:\/\/www.piat.type.pl\/swiat\/wp-json\/wp\/v2\/users\/1"}],"replies":[{"embeddable":true,"href":"https:\/\/www.piat.type.pl\/swiat\/wp-json\/wp\/v2\/comments?post=2"}],"version-history":[{"count":0,"href":"https:\/\/www.piat.type.pl\/swiat\/wp-json\/wp\/v2\/pages\/2\/revisions"}],"wp:attachment":[{"href":"https:\/\/www.piat.type.pl\/swiat\/wp-json\/wp\/v2\/media?parent=2"}],"curies":[{"name":"wp","href":"https:\/\/api.w.org\/{rel}","templated":true}]}}