{"id":1827,"date":"2022-10-21T16:41:58","date_gmt":"2022-10-21T16:41:58","guid":{"rendered":"http:\/\/www.piat.type.pl\/swiat\/?p=1827"},"modified":"2022-10-21T17:36:04","modified_gmt":"2022-10-21T17:36:04","slug":"pireneje-hiszpania","status":"publish","type":"page","link":"https:\/\/www.piat.type.pl\/swiat\/pireneje-hiszpania\/","title":{"rendered":"Pireneje, Hiszpania"},"content":{"rendered":"<!-- Added by Post\/Page Specific Custom Code plugin, thank you for using! -->\n<style>.blog-title { pointer-events: none; }\r\n.main-menu { pointer-events: none; display: none; }\r\n.post-navigation { pointer-events: none; }\r\n.credits { pointer-events: none; display: none; }<\/style>\n<p style=\"text-align: justify;\">450-kilometrowe pasmo, wspania\u0142e g\u00f3rskie krajobrazy, &#8222;przyjazne&#8221; wysoko\u015bci i\u00a0stosunkowo ma\u0142o ludzi &#8211; mo\u017ce to dobra alternatywa dla ma\u0142ych, przeludnionych Tatr? Szkoda tylko, \u017ce troch\u0119 na uboczu Europy.<\/p>\n<p style=\"text-align: justify;\">GR10, GR11 (Grande Randonn\u00e9e) i HRP (Haute Route Pyr\u00e9n\u00e9enne) to nazwy d\u0142ugodystansowych szlak\u00f3w pieszych przemierzaj\u0105cych ca\u0142y \u0142a\u0144cuch Pirenej\u00f3w od Oceanu Atlantyckiego do Morza \u015ar\u00f3dziemnego. Ka\u017cdy z nich posiada wiele wariant\u00f3w i odga\u0142\u0119zie\u0144, co daje nieograniczone mo\u017cliwo\u015bci zaprojektowania przebiegu i stopnia trudno\u015bci w\u0142asnej trasy od \u0142atwego trekingu po graniow\u0105 wspinaczk\u0119. Przej\u015bcie ca\u0142ego pasma to 40-50 dni w\u0119dr\u00f3wki, kt\u00f3r\u0105 mo\u017cna odby\u0107 w stylu biwakowym &#8211; z namiotem lub korzystaj\u0105c ze schronisk. My nie mieli\u015bmy a\u017c tyle czasu, przeszli\u015bmy fragment trasy po hiszpa\u0144skiej stronie g\u00f3r, nie omijaj\u0105c najbardziej znanych, cho\u0107 ju\u017c nieco bardziej zat\u0142oczonych miejsc &#8211; doliny Ordesy i\u00a0szczytu Monte Perdido (3355 m n.p.m.). Zajrzeli\u015bmy tak\u017ce do zabytkowych miasteczek Katalonii i Aragonii.<\/p>\n<p style=\"text-align: justify;\">La Folia to tradycyjna forma muzyczna (tak\u017ce taniec) niegdy\u015b popularna w\u00a0Hiszpanii i Portugalii. Ten sam motyw powtarzany jest wielokrotnie w\u00a0r\u00f3\u017cnych wariacjach, zwykle z narastaj\u0105cym stopniem z\u0142o\u017cono\u015bci i trudno\u015bci technicznych. Czy nie tak samo jest w czasie wielodniowej w\u0119dr\u00f3wki g\u00f3rskiej?<\/p>\n\n<div id=\"attachment_1788\" style=\"width: 310px\" class=\"wp-caption aligncenter\"><a class=\"fancybox-vimeo\" href=\"http:\/\/player.vimeo.com\/video\/587985699?title=0;byline=0;portrait=0;autoplay=1;loop=1;quality=720p\"><img loading=\"lazy\" decoding=\"async\" aria-describedby=\"caption-attachment-1788\" class=\"wp-image-1788 size-medium\" src=\"https:\/\/www.piat.type.pl\/swiat\/wp-content\/uploads\/2021\/08\/pireneje1-4-300x291.jpg\" alt=\"Pireneje\" width=\"300\" height=\"291\" srcset=\"https:\/\/www.piat.type.pl\/swiat\/wp-content\/uploads\/2021\/08\/pireneje1-4-300x291.jpg 300w, https:\/\/www.piat.type.pl\/swiat\/wp-content\/uploads\/2021\/08\/pireneje1-4-768x745.jpg 768w, https:\/\/www.piat.type.pl\/swiat\/wp-content\/uploads\/2021\/08\/pireneje1-4-508x493.jpg 508w, https:\/\/www.piat.type.pl\/swiat\/wp-content\/uploads\/2021\/08\/pireneje1-4.jpg 1024w\" sizes=\"auto, (max-width: 300px) 100vw, 300px\" \/><\/a><p id=\"caption-attachment-1788\" class=\"wp-caption-text\">Kliknij na obrazek, aby zobaczy\u0107 film<\/p><\/div>\n<p> <\/p>\n<p class=\"has-text-align-center\">Zdj\u0119cia:<br \/>\n<strong>Regina i Andrzej Pi\u0105tek<br \/>Ma\u0142gorzata Lisowiec<\/strong><\/p>\n<p class=\"has-text-align-center\">Muzyka:<br \/>\n<strong>Georgio Paniagua &#8211; &#8222;Fons vitae&#8221;<\/strong><\/p>\n<p class=\"has-text-align-center\"><small><em>z p\u0142yty &#8222;La Folia de la Spagna&#8221;<\/em><\/small><\/p>\n","protected":false},"excerpt":{"rendered":"<p>450-kilometrowe pasmo, wspania\u0142e g\u00f3rskie krajobrazy, &#8222;przyjazne&#8221; wysoko\u015bci i\u00a0stosunkowo ma\u0142o ludzi &#8211; mo\u017ce to dobra alternatywa dla ma\u0142ych, przeludnionych Tatr? Szkoda tylko, \u017ce troch\u0119 na uboczu Europy. GR10, GR11 (Grande Randonn\u00e9e) i HRP (Haute Route Pyr\u00e9n\u00e9enne) to nazwy d\u0142ugodystansowych szlak\u00f3w pieszych przemierzaj\u0105cych ca\u0142y \u0142a\u0144cuch Pirenej\u00f3w od Oceanu Atlantyckiego do Morza \u015ar\u00f3dziemnego. Ka\u017cdy z nich posiada wiele [&hellip;]<\/p>\n","protected":false},"author":1,"featured_media":1788,"parent":0,"menu_order":15,"comment_status":"closed","ping_status":"closed","template":"","meta":{"footnotes":""},"class_list":["post-1827","page","type-page","status-publish","has-post-thumbnail","hentry"],"_links":{"self":[{"href":"https:\/\/www.piat.type.pl\/swiat\/wp-json\/wp\/v2\/pages\/1827","targetHints":{"allow":["GET"]}}],"collection":[{"href":"https:\/\/www.piat.type.pl\/swiat\/wp-json\/wp\/v2\/pages"}],"about":[{"href":"https:\/\/www.piat.type.pl\/swiat\/wp-json\/wp\/v2\/types\/page"}],"author":[{"embeddable":true,"href":"https:\/\/www.piat.type.pl\/swiat\/wp-json\/wp\/v2\/users\/1"}],"replies":[{"embeddable":true,"href":"https:\/\/www.piat.type.pl\/swiat\/wp-json\/wp\/v2\/comments?post=1827"}],"version-history":[{"count":1,"href":"https:\/\/www.piat.type.pl\/swiat\/wp-json\/wp\/v2\/pages\/1827\/revisions"}],"predecessor-version":[{"id":1833,"href":"https:\/\/www.piat.type.pl\/swiat\/wp-json\/wp\/v2\/pages\/1827\/revisions\/1833"}],"wp:featuredmedia":[{"embeddable":true,"href":"https:\/\/www.piat.type.pl\/swiat\/wp-json\/wp\/v2\/media\/1788"}],"wp:attachment":[{"href":"https:\/\/www.piat.type.pl\/swiat\/wp-json\/wp\/v2\/media?parent=1827"}],"curies":[{"name":"wp","href":"https:\/\/api.w.org\/{rel}","templated":true}]}}