{"id":1780,"date":"2021-07-12T19:06:59","date_gmt":"2021-07-12T19:06:59","guid":{"rendered":"http:\/\/www.piat.type.pl\/swiat\/?p=1780"},"modified":"2022-03-18T20:48:16","modified_gmt":"2022-03-18T20:48:16","slug":"kazbek-2","status":"publish","type":"page","link":"https:\/\/www.piat.type.pl\/swiat\/kazbek-2\/","title":{"rendered":"Kazbek"},"content":{"rendered":"<!-- Added by Post\/Page Specific Custom Code plugin, thank you for using! -->\n<style>.blog-title { pointer-events: none; }\r\n.main-menu { pointer-events: none; display: none; }\r\n.post-navigation { pointer-events: none; }\r\n.credits { pointer-events: none; display: none; }<\/style>\n<p style=\"text-align: justify;\">Lato w g\u00f3rach Kaukazu jest kr\u00f3tkie, ale to czas niezwykle intensywnej wegetacji. W\u0142a\u015bnie wtedy, na tle zielonych \u0142\u0105k i kwitn\u0105cych rododendron\u00f3w, bia\u0142y Kazbek prezentuje si\u0119 najlepiej. Ma nieco ponad 5000 metr\u00f3w, jest trzecim co do wysoko\u015bci, lecz z pewno\u015bci\u0105 najbardziej znanym i najch\u0119tniej odwiedzanym szczytem Gruzji. Droga na wierzcho\u0142ek nie jest bardzo trudna, cho\u0107 bywa niebezpieczna. Zaczyna si\u0119 w miejscowo\u015bci Stepancminda (dawniej Kazbegi) na wysoko\u015bci 1800 metr\u00f3w, a dalej prowadzi sp\u0142ywaj\u0105cym ze szczytu dynamicznym lodowcem Gergeti, niekiedy mocno poszczelinionym \u00a0i miejscami do\u015b\u0107 stromym.<\/p>\r\n<p style=\"text-align: justify;\">W drodze na szczyt, zamiast tradycyjnej gruzi\u0144skiej muzyki ludowej, pos\u0142uchajmy czego\u015b wsp\u00f3\u0142czesnego. Niaz Diasamidze &#8211; to poeta, piosenkarz i\u00a0aktor. O czym \u015bpiewa?\u00a0 O drodze, o\u00a0 t\u0119sknocie, o mi\u0142o\u015bci, o g\u00f3rach&#8230; o \u017cyciu? Oce\u0144cie sami &#8211; oto tekst:<\/p>\r\n<div>\r\n<div class=\"ll-0-1\" style=\"text-align: center;\">\u10dc\u10d0\u10db\u10d8 \u10d5\u10d4\u10da\u10e1, \u10df\u10d0\u10db\u10d8 \u10e1\u10e3\u10da\u10e1<\/div>\r\n<div class=\"ll-0-2\" style=\"text-align: center;\">\u10db\u10d0\u10d3\u10da\u10d8 \u10ed\u10d4\u10e0\u10e1, \u10ee\u10d5\u10d0\u10d5\u10d8 \u10ed\u10e3\u10e0\u10e1&#8230;<\/div>\r\n<div class=\"ll-0-3\" style=\"text-align: center;\">\u10dc\u10d0\u10da\u10d8 \u10ea\u10ee\u10d4\u10dc\u10e1, \u10ee\u10d4 \u10db\u10d8\u10e1\u10d8\u10d5\u10e1, \u10e1\u10d8\u10db\u10d8 \u10d2\u10e3\u10da\u10e1&#8230;<\/div>\r\n<div class=\"ll-0-4\" style=\"text-align: center;\">\u10e0\u10ec\u10db\u10d4\u10dc\u10d0 \u10da\u10d4\u10e5\u10e1\u10e1, \u10e4\u10d0\u10e0\u10d8 \u10ee\u10db\u10d0\u10da\u10e1<\/div>\r\n<div class=\"ll-0-5\" style=\"text-align: center;\">\u10d1\u10d4\u10d3\u10d8 \u10ec\u10d0\u10db\u10e1, \u10dd\u10e5\u10e0\u10dd \u10d7\u10d5\u10d0\u10da\u10e1&#8230;<\/div>\r\n<div class=\"ll-0-6\" style=\"text-align: center;\">\u10e5\u10d0\u10e0\u10d8 \u10d2\u10d4\u10db\u10e1 \u10e3\u10ea\u10d5\u10da\u10d8\u10e1 \u10d6\u10e6\u10d5\u10d4\u10d1\u10e1&#8230;\u10e1\u10d0\u10d3\u10d0 \u10ee\u10d0\u10e0?!<\/div>\r\n<div class=\"ll-0-7\" style=\"text-align: center;\">\u10ea\u10d4\u10ea\u10ee\u10da\u10d8 \u10db\u10d6\u10d4\u10e1, \u10e4\u10d4\u10e1\u10d5\u10d8 \u10ea\u10d0\u10e1, \u10d0\u10d6\u10e0\u10d8 \u10d2\u10d6\u10d0\u10e1&#8230;<\/div>\r\n<div class=\"ll-0-8\" style=\"text-align: center;\">\u10ea\u10dd\u10d3\u10dc\u10d0 \u10d4\u10e0\u10e1, \u10d0\u10e0\u10e1\u10d8 \u10d3\u10e0\u10dd\u10e1, \u10ee\u10d4\u10da\u10d8 \u10ee\u10d4\u10da\u10e1&#8230;<\/div>\r\n<div class=\"ll-0-9\" style=\"text-align: center;\">\u10ef\u10d0\u10dc\u10d8 \u10d2\u10e3\u10da\u10e1, \u10db\u10d6\u10d4\u10e0\u10d0 \u10e8\u10dd\u10e0\u10e1<\/div>\r\n<div class=\"ll-0-10\" style=\"text-align: center;\">\u10d8\u10e5\u10d0\u10ea \u10d7\u10dd\u10d5\u10e1, \u10d1\u10d0\u10e0\u10d3\u10dc\u10d8\u10e1 \u10db\u10d7\u10d4\u10d1\u10e1&#8230;<\/div>\r\n<div class=\"ll-0-11\" style=\"text-align: center;\">\u10d8\u10e5\u10d0\u10ea \u10ec\u10d5\u10d8\u10db\u10e1, \u10d8\u10e5\u10d0\u10ea \u10d7\u10dd\u10d5\u10e1, \u10d8\u10e5\u10d0\u10ea \u10d3\u10d4\u10d1\u10e1&#8230;<\/div>\r\n<\/div>\r\n\r\n\r\n<\/p>\r\n\r\n\r\n\r\n<div class=\"wp-block-image\"><figure class=\"aligncenter size-medium\"><a class=\"fancybox-vimeo\" href=\"http:\/\/player.vimeo.com\/video\/425800516?title=0;byline=0;portrait=0;autoplay=1;loop=1;quality=720p\"><img decoding=\"async\" src=\"https:\/\/www.piat.type.pl\/swiat\/wp-content\/uploads\/2020\/06\/kazbek-4-300x300.jpg\" title=\"Kazbek\" alt=\"\" class=\"wp-image-1307\"\/><\/a><figcaption>Kliknij na obrazek, aby zobaczy\u0107 film<\/figcaption><\/figure><\/div>\r\n\r\n\r\n\r\n<p>\r\n\r\n\r\n\r\n\r\n\r\n\r\n\r\n<p class=\"has-text-align-center\">Zdj\u0119cia:<br><strong>S\u0142awek Bogus\u0142awski<br>\r\nAndrzej Pi\u0105tek<\/strong><\/p>\r\n\r\n\r\n\r\n<p class=\"has-text-align-center\">Piosenka:<br><strong>Niaz Diasamidze &amp; 33a &#8211; &#8222;Nami Vels&#8221;<\/strong><\/p>\r\n\r\n","protected":false},"excerpt":{"rendered":"<p>Lato w g\u00f3rach Kaukazu jest kr\u00f3tkie, ale to czas niezwykle intensywnej wegetacji. W\u0142a\u015bnie wtedy, na tle zielonych \u0142\u0105k i kwitn\u0105cych rododendron\u00f3w, bia\u0142y Kazbek prezentuje si\u0119 najlepiej. Ma nieco ponad 5000 metr\u00f3w, jest trzecim co do wysoko\u015bci, lecz z pewno\u015bci\u0105 najbardziej znanym i najch\u0119tniej odwiedzanym szczytem Gruzji. Droga na wierzcho\u0142ek nie jest bardzo trudna, cho\u0107 bywa [&hellip;]<\/p>\n","protected":false},"author":1,"featured_media":1308,"parent":0,"menu_order":0,"comment_status":"closed","ping_status":"closed","template":"","meta":{"footnotes":""},"class_list":["post-1780","page","type-page","status-publish","has-post-thumbnail","hentry"],"_links":{"self":[{"href":"https:\/\/www.piat.type.pl\/swiat\/wp-json\/wp\/v2\/pages\/1780","targetHints":{"allow":["GET"]}}],"collection":[{"href":"https:\/\/www.piat.type.pl\/swiat\/wp-json\/wp\/v2\/pages"}],"about":[{"href":"https:\/\/www.piat.type.pl\/swiat\/wp-json\/wp\/v2\/types\/page"}],"author":[{"embeddable":true,"href":"https:\/\/www.piat.type.pl\/swiat\/wp-json\/wp\/v2\/users\/1"}],"replies":[{"embeddable":true,"href":"https:\/\/www.piat.type.pl\/swiat\/wp-json\/wp\/v2\/comments?post=1780"}],"version-history":[{"count":1,"href":"https:\/\/www.piat.type.pl\/swiat\/wp-json\/wp\/v2\/pages\/1780\/revisions"}],"predecessor-version":[{"id":1818,"href":"https:\/\/www.piat.type.pl\/swiat\/wp-json\/wp\/v2\/pages\/1780\/revisions\/1818"}],"wp:featuredmedia":[{"embeddable":true,"href":"https:\/\/www.piat.type.pl\/swiat\/wp-json\/wp\/v2\/media\/1308"}],"wp:attachment":[{"href":"https:\/\/www.piat.type.pl\/swiat\/wp-json\/wp\/v2\/media?parent=1780"}],"curies":[{"name":"wp","href":"https:\/\/api.w.org\/{rel}","templated":true}]}}