{"id":1748,"date":"2021-04-01T17:42:12","date_gmt":"2021-04-01T17:42:12","guid":{"rendered":"http:\/\/www.piat.type.pl\/swiat\/?p=1748"},"modified":"2021-04-01T18:59:26","modified_gmt":"2021-04-01T18:59:26","slug":"wierzby","status":"publish","type":"page","link":"https:\/\/www.piat.type.pl\/swiat\/wierzby\/","title":{"rendered":"Wierzby"},"content":{"rendered":"<h5 style=\"text-align: center;\">Szepty i \u0141zy<\/h5>\n<p style=\"text-align: justify;\">Luty 2021 &#8211; wci\u0105\u017c czekamy, a\u017c sko\u0144czy si\u0119 pandemia i zwi\u0105zane z ni\u0105 ograniczenia. Jednak coraz bardziej prawdopodobny jest wariant, \u017ce to si\u0119 nigdy nie stanie, \u017ce nie ma powrotu do poprzedniego stylu \u017cycia, bo wirus &#8211; ten albo nast\u0119pny &#8211; zostanie z nami na zawsze. Mo\u017ce to jest czas, kiedy warto dok\u0142adniej przyjrze\u0107 si\u0119 bli\u017cszym okolicom, dotychczas przegrywaj\u0105cym konkurencj\u0119 z\u00a0miejscami, do kt\u00f3rych tak \u0142atwo mo\u017cna by\u0142o dolecie\u0107 tanimi liniami? Mo\u017ce i tu uda si\u0119 znale\u017a\u0107 klimaty, kt\u00f3re lubimy najbardziej&#8230;<\/p>\n<p style=\"text-align: justify;\">Zdj\u0119cia do &#8222;Wierzb&#8221; powsta\u0142y w czasie dw\u00f3ch niedzielnych wycieczek do Puszczy Kampinoskiej. Odwiedzili\u015bmy mniej znane przybagienne tereny. Niegdy\u015b zamieszka\u0142e &#8211; dzi\u015b nie ma ju\u017c wsi, zanikaj\u0105 drogi, pozosta\u0142y jednak przydro\u017cne wierzby. Park nadal je og\u0142awia ocalaj\u0105c krajobrazy, kt\u00f3re mog\u0105 nieco z\u0142agodzi\u0107 t\u0119sknot\u0119 za dalekimi krajami.<\/p>\n<p style=\"text-align: justify;\">A je\u015bli mowa o t\u0119sknocie, to najlepiej za\u015bpiewa o niej Anna Maria Jopek. \u201eSzepty i \u0142zy\u201d pochodz\u0105 z singla wydanego w 2000 roku, potem znalaz\u0142y si\u0119 tak\u017ce na wspania\u0142ej p\u0142ycie &#8222;Bosa&#8221;. Doborowy zesp\u00f3\u0142 autor\u00f3w i wykonawc\u00f3w uzupe\u0142ni\u0142 niezapomniany Tomasz Sta\u0144ko wykonuj\u0105c solo na tr\u0105bce.<\/p>\n\n<div id=\"attachment_1627\" style=\"width: 310px\" class=\"wp-caption aligncenter\"><a class=\"fancybox-vimeo\" href=\"http:\/\/player.vimeo.com\/video\/517148383?title=0;byline=0;portrait=0;autoplay=1;loop=1;quality=720p\"><img loading=\"lazy\" decoding=\"async\" aria-describedby=\"caption-attachment-1627\" class=\"wp-image-1627 size-medium\" src=\"https:\/\/www.piat.type.pl\/swiat\/wp-content\/uploads\/2021\/02\/wierzby-4-300x300.jpg\" alt=\"\" width=\"300\" height=\"300\" srcset=\"https:\/\/www.piat.type.pl\/swiat\/wp-content\/uploads\/2021\/02\/wierzby-4-300x300.jpg 300w, https:\/\/www.piat.type.pl\/swiat\/wp-content\/uploads\/2021\/02\/wierzby-4.jpg 1024w, https:\/\/www.piat.type.pl\/swiat\/wp-content\/uploads\/2021\/02\/wierzby-4-150x150.jpg 150w, https:\/\/www.piat.type.pl\/swiat\/wp-content\/uploads\/2021\/02\/wierzby-4-768x768.jpg 768w, https:\/\/www.piat.type.pl\/swiat\/wp-content\/uploads\/2021\/02\/wierzby-4-508x508.jpg 508w\" sizes=\"auto, (max-width: 300px) 100vw, 300px\" \/><\/a><p id=\"caption-attachment-1627\" class=\"wp-caption-text\">Kliknij na obrazek, aby zobaczy\u0107 film<\/p><\/div>\n<p> <\/p>\n<p style=\"text-align: center;\">Zdj\u0119cia:<br \/>\n<strong>Andrzej Pi\u0105tek<\/strong><\/p>\n<p style=\"text-align: center;\">Piosenka:<br \/>\n<strong>Anna Maria Jopek &#8211; &#8222;Szepty i \u0142zy&#8221;<\/strong><br \/>\n<small><br \/>\nmuzyka: <strong>Wojciech Kilar<\/strong><br \/>\ns\u0142owa: <strong>Marcin Kydry\u0144ski<\/strong><\/small><\/p>\n","protected":false},"excerpt":{"rendered":"<p>Szepty i \u0141zy Luty 2021 &#8211; wci\u0105\u017c czekamy, a\u017c sko\u0144czy si\u0119 pandemia i zwi\u0105zane z ni\u0105 ograniczenia. Jednak coraz bardziej prawdopodobny jest wariant, \u017ce to si\u0119 nigdy nie stanie, \u017ce nie ma powrotu do poprzedniego stylu \u017cycia, bo wirus &#8211; ten albo nast\u0119pny &#8211; zostanie z nami na zawsze. Mo\u017ce to jest czas, kiedy warto [&hellip;]<\/p>\n","protected":false},"author":1,"featured_media":1627,"parent":0,"menu_order":0,"comment_status":"closed","ping_status":"closed","template":"","meta":{"footnotes":""},"class_list":["post-1748","page","type-page","status-publish","has-post-thumbnail","hentry"],"_links":{"self":[{"href":"https:\/\/www.piat.type.pl\/swiat\/wp-json\/wp\/v2\/pages\/1748","targetHints":{"allow":["GET"]}}],"collection":[{"href":"https:\/\/www.piat.type.pl\/swiat\/wp-json\/wp\/v2\/pages"}],"about":[{"href":"https:\/\/www.piat.type.pl\/swiat\/wp-json\/wp\/v2\/types\/page"}],"author":[{"embeddable":true,"href":"https:\/\/www.piat.type.pl\/swiat\/wp-json\/wp\/v2\/users\/1"}],"replies":[{"embeddable":true,"href":"https:\/\/www.piat.type.pl\/swiat\/wp-json\/wp\/v2\/comments?post=1748"}],"version-history":[{"count":1,"href":"https:\/\/www.piat.type.pl\/swiat\/wp-json\/wp\/v2\/pages\/1748\/revisions"}],"predecessor-version":[{"id":1750,"href":"https:\/\/www.piat.type.pl\/swiat\/wp-json\/wp\/v2\/pages\/1748\/revisions\/1750"}],"wp:featuredmedia":[{"embeddable":true,"href":"https:\/\/www.piat.type.pl\/swiat\/wp-json\/wp\/v2\/media\/1627"}],"wp:attachment":[{"href":"https:\/\/www.piat.type.pl\/swiat\/wp-json\/wp\/v2\/media?parent=1748"}],"curies":[{"name":"wp","href":"https:\/\/api.w.org\/{rel}","templated":true}]}}