{"id":1480,"date":"2020-12-06T23:19:15","date_gmt":"2020-12-06T23:19:15","guid":{"rendered":"http:\/\/www.piat.type.pl\/swiat\/?p=1480"},"modified":"2021-03-10T18:07:36","modified_gmt":"2021-03-10T18:07:36","slug":"oblicza-puny","status":"publish","type":"page","link":"https:\/\/www.piat.type.pl\/swiat\/oblicza-puny\/","title":{"rendered":"Oblicza Puny"},"content":{"rendered":"<p style=\"text-align: justify;\">Puna de Atacama to kraina geograficzna le\u017c\u0105ca na obrze\u017cu pustyni Atacama &#8211; jednego z najsuchszych obszar\u00f3w na \u015bwiecie. Puna jest p\u0142askowy\u017cem o&nbsp;wysoko\u015bci od 3500 do ponad 5000 m, z&nbsp;oko\u0142o 30 szczytami sze\u015bciotysi\u0119cznymi &#8211; w wi\u0119kszo\u015bci wulkanami. Panuje tam suchy pustynny klimat i prawie zawsze wiej\u0105 bardzo silne wiatry. Lord William Martin Conway (1856-1937) &#8211; Anglik, kt\u00f3ry podr\u00f3\u017cowa\u0142 po Ameryce Po\u0142udniowej pod koniec XIX wieku, tak pisa\u0142 o&nbsp;Punie:<\/p>\n<p style=\"text-align: justify;\"><em>&#8222;Pomi\u0119dzy wszystkimi niezwyk\u0142ymi krajobrazami, kt\u00f3re s\u0105 na \u015bwiecie, na pewno sceneria Puna de Atacama jest jedn\u0105 z wywieraj\u0105cych najwi\u0119ksze wra\u017cenie i najbardziej fantastycznych. Ta rozleg\u0142a wulkaniczna kraina jest podobna mo\u017ce jedynie do powierzchni Ksi\u0119\u017cyca. Na naszej planecie jednak\u017ce nic podobnego nie znajdziemy&#8221;.<\/em><\/p>\n<p style=\"text-align: justify;\">Te s\u0142owa zapad\u0142y w pami\u0119\u0107 uczestnikom II Polskiej Wyprawy Andyjskiej, kt\u00f3ra w&nbsp;1937 eksplorowa\u0142a obszar Puny. Zapewne znale\u017ali ich potwierdzenie, skoro Jan Alfred Szczepa\u0144ski swojej ksi\u0105\u017cce opisuj\u0105cej wypraw\u0119 da\u0142 tytu\u0142 &#8222;Wyprawa do ksi\u0119\u017cycowej ziemi&#8221;. Dzi\u015b, kiedy lepiej wiemy o tym, jak rzeczywi\u015bcie wygl\u0105da powierzchnia Ksi\u0119\u017cyca, s\u0142owo &#8222;ksi\u0119\u017cycowa&#8221; powinni\u015bmy raczej rozumie\u0107 jako &#8222;niezwyk\u0142a&#8221;. Bo Puna nie jest podobna do Ksi\u0119\u017cyca &#8211; mo\u017ce na tych starych czarno-bia\u0142ych zdj\u0119ciach troch\u0119 tak, ale na wsp\u00f3\u0142czesnych, kolorowych &#8211; na pewno ju\u017c nie. Popatrzmy na r\u00f3\u017cne oblicza Puny przy d\u017awi\u0119kach argenty\u0144skiego tanga.<br \/>\n<\/p>\n<div id=\"attachment_146\" style=\"width: 310px\" class=\"wp-caption aligncenter\"><a class=\"fancybox-vimeo\" href=\"http:\/\/player.vimeo.com\/video\/273168482?title=0;byline=0;portrait=0;autoplay=1;loop=1;quality=720p\"><img loading=\"lazy\" decoding=\"async\" aria-describedby=\"caption-attachment-146\" class=\"wp-image-146 size-medium\" title=\"Oblicza Puny\" src=\"https:\/\/www.piat.type.pl\/swiat\/wp-content\/uploads\/2018\/05\/obliczapuny-300x300.jpg\" alt=\"Film niedost\u0119pny!\" width=\"300\" height=\"300\" srcset=\"https:\/\/www.piat.type.pl\/swiat\/wp-content\/uploads\/2018\/05\/obliczapuny-300x300.jpg 300w, https:\/\/www.piat.type.pl\/swiat\/wp-content\/uploads\/2018\/05\/obliczapuny-150x150.jpg 150w, https:\/\/www.piat.type.pl\/swiat\/wp-content\/uploads\/2018\/05\/obliczapuny-768x768.jpg 768w, https:\/\/www.piat.type.pl\/swiat\/wp-content\/uploads\/2018\/05\/obliczapuny-508x508.jpg 508w, https:\/\/www.piat.type.pl\/swiat\/wp-content\/uploads\/2018\/05\/obliczapuny.jpg 1024w\" sizes=\"auto, (max-width: 300px) 100vw, 300px\" \/><\/a><p id=\"caption-attachment-146\" class=\"wp-caption-text\">Kliknij na obrazek, aby zobaczy\u0107 film<\/p><\/div>\n<p><br \/>\n<\/p>\n<p style=\"text-align: center;\">Zdj\u0119cia:<br \/>\n<strong>Iwona Szumacher<br \/>\nAndrzej Pi\u0105tek<\/strong><\/p>\n<p style=\"text-align: center;\">Muzyka:<br \/>\n<strong>Andres Linetzky, Ernesto Romeo &#8211; &#8222;Sentimientos&#8221;<\/strong><\/p>\n","protected":false},"excerpt":{"rendered":"<p>Puna de Atacama to kraina geograficzna le\u017c\u0105ca na obrze\u017cu pustyni Atacama &#8211; jednego z najsuchszych obszar\u00f3w na \u015bwiecie. Puna jest p\u0142askowy\u017cem o&nbsp;wysoko\u015bci od 3500 do ponad 5000 m, z&nbsp;oko\u0142o 30 szczytami sze\u015bciotysi\u0119cznymi &#8211; w wi\u0119kszo\u015bci wulkanami. Panuje tam suchy pustynny klimat i prawie zawsze wiej\u0105 bardzo silne wiatry. Lord William Martin Conway (1856-1937) &#8211; Anglik, [&hellip;]<\/p>\n","protected":false},"author":1,"featured_media":146,"parent":0,"menu_order":28,"comment_status":"closed","ping_status":"closed","template":"","meta":{"footnotes":""},"class_list":["post-1480","page","type-page","status-publish","has-post-thumbnail","hentry"],"_links":{"self":[{"href":"https:\/\/www.piat.type.pl\/swiat\/wp-json\/wp\/v2\/pages\/1480","targetHints":{"allow":["GET"]}}],"collection":[{"href":"https:\/\/www.piat.type.pl\/swiat\/wp-json\/wp\/v2\/pages"}],"about":[{"href":"https:\/\/www.piat.type.pl\/swiat\/wp-json\/wp\/v2\/types\/page"}],"author":[{"embeddable":true,"href":"https:\/\/www.piat.type.pl\/swiat\/wp-json\/wp\/v2\/users\/1"}],"replies":[{"embeddable":true,"href":"https:\/\/www.piat.type.pl\/swiat\/wp-json\/wp\/v2\/comments?post=1480"}],"version-history":[{"count":0,"href":"https:\/\/www.piat.type.pl\/swiat\/wp-json\/wp\/v2\/pages\/1480\/revisions"}],"wp:featuredmedia":[{"embeddable":true,"href":"https:\/\/www.piat.type.pl\/swiat\/wp-json\/wp\/v2\/media\/146"}],"wp:attachment":[{"href":"https:\/\/www.piat.type.pl\/swiat\/wp-json\/wp\/v2\/media?parent=1480"}],"curies":[{"name":"wp","href":"https:\/\/api.w.org\/{rel}","templated":true}]}}