{"id":1479,"date":"2020-12-06T23:18:43","date_gmt":"2020-12-06T23:18:43","guid":{"rendered":"http:\/\/www.piat.type.pl\/swiat\/?p=1479"},"modified":"2021-03-11T09:38:29","modified_gmt":"2021-03-11T09:38:29","slug":"zima","status":"publish","type":"page","link":"https:\/\/www.piat.type.pl\/swiat\/zima\/","title":{"rendered":"Zima"},"content":{"rendered":"<p style=\"text-align: justify;\">Ta impresja nie by\u0142a stworzona jako samodzielny byt, tylko jako cz\u0119\u015b\u0107 wi\u0119kszego pokazu, kt\u00f3ry opowiada\u0142 o naszej pierwszej wyprawie na Pun\u0119 de Atacama w&nbsp;2013 roku. Celem wyprawy by\u0142 mi\u0119dzy innymi drugi szczyt Ameryki &#8211; Ojos del Salado. Kiedy po kilkudniowym trekingu dotarli\u015bmy do obozu bazowego, nast\u0105pi\u0142o wielodniowe za\u0142amanie pogody. Byli\u015bmy przygotowani na pal\u0105ce s\u0142o\u0144ce, brak wody i przemieszczanie si\u0119 w pustynnym terenie, a przysz\u0142o nam zmaga\u0107 si\u0119 z codziennymi \u015bnie\u017cycami, brakiem widoczno\u015bci i torowaniem w&nbsp;g\u0142\u0119bokim \u015bniegu. Wygl\u0105da\u0142o na to, \u017ce pogoda zmusi nas do ca\u0142kowitej rezygnacji z naszych plan\u00f3w i szybkiego wycofania si\u0119. A\u017c tak \u017ale nie by\u0142o &#8211; weszli\u015bmy na Ojos, ale zaraz potem drugi atak zimy zmusi\u0142 nas do rezygnacji z&nbsp;plan\u00f3w zdobycia innego zaplanowanego szczytu &#8211; Waltera Pencka. O tym wszystkim trzeba by\u0142o jako\u015b opowiedzie\u0107 w naszym pokazie. Na szcz\u0119\u015bcie okaza\u0142o si\u0119, \u017ce zesp\u00f3\u0142 Lao Che mo\u017ce nas w tym wyr\u0119czy\u0107. To jeszcze jeden dow\u00f3d na to, \u017ce w piosenkach powiedziano ju\u017c wszystko &#8211; trzeba tylko poszuka\u0107.<\/p>\n<\/p>\n<p><div id=\"attachment_924\" style=\"width: 310px\" class=\"wp-caption aligncenter\"><a class=\"fancybox-vimeo\" href=\"http:\/\/player.vimeo.com\/video\/272843034?title=0;byline=0;portrait=0;autoplay=1;loop=1;quality=720p\"><img loading=\"lazy\" decoding=\"async\" aria-describedby=\"caption-attachment-924\" class=\"wp-image-924 size-medium\" title=\"Zima\" src=\"https:\/\/www.piat.type.pl\/swiat\/wp-content\/uploads\/2018\/07\/zima2-4-300x300.jpg\" alt=\"\" width=\"300\" height=\"300\" srcset=\"https:\/\/www.piat.type.pl\/swiat\/wp-content\/uploads\/2018\/07\/zima2-4-300x300.jpg 300w, https:\/\/www.piat.type.pl\/swiat\/wp-content\/uploads\/2018\/07\/zima2-4-150x150.jpg 150w, https:\/\/www.piat.type.pl\/swiat\/wp-content\/uploads\/2018\/07\/zima2-4-768x768.jpg 768w, https:\/\/www.piat.type.pl\/swiat\/wp-content\/uploads\/2018\/07\/zima2-4-508x508.jpg 508w, https:\/\/www.piat.type.pl\/swiat\/wp-content\/uploads\/2018\/07\/zima2-4.jpg 1024w\" sizes=\"auto, (max-width: 300px) 100vw, 300px\" \/><\/a><p id=\"caption-attachment-924\" class=\"wp-caption-text\">Kliknij na obrazek, aby zobaczy\u0107 film<\/p><\/div><\/p>\n<p>\n\n<p style=\"text-align: center;\">Zdj\u0119cia:<br \/>\n<strong>Iwona Szumacher<br \/>\nAndrzej Pi\u0105tek<\/strong><\/p>\n<p style=\"text-align: center;\">Piosenka:<br \/>\n<strong>Lao Che &#8211; &#8222;Zima stulecia&#8221;<\/strong><\/p>\n","protected":false},"excerpt":{"rendered":"<p>Ta impresja nie by\u0142a stworzona jako samodzielny byt, tylko jako cz\u0119\u015b\u0107 wi\u0119kszego pokazu, kt\u00f3ry opowiada\u0142 o naszej pierwszej wyprawie na Pun\u0119 de Atacama w&nbsp;2013 roku. Celem wyprawy by\u0142 mi\u0119dzy innymi drugi szczyt Ameryki &#8211; Ojos del Salado. Kiedy po kilkudniowym trekingu dotarli\u015bmy do obozu bazowego, nast\u0105pi\u0142o wielodniowe za\u0142amanie pogody. Byli\u015bmy przygotowani na pal\u0105ce s\u0142o\u0144ce, brak [&hellip;]<\/p>\n","protected":false},"author":1,"featured_media":924,"parent":0,"menu_order":26,"comment_status":"closed","ping_status":"closed","template":"","meta":{"footnotes":""},"class_list":["post-1479","page","type-page","status-publish","has-post-thumbnail","hentry"],"_links":{"self":[{"href":"https:\/\/www.piat.type.pl\/swiat\/wp-json\/wp\/v2\/pages\/1479","targetHints":{"allow":["GET"]}}],"collection":[{"href":"https:\/\/www.piat.type.pl\/swiat\/wp-json\/wp\/v2\/pages"}],"about":[{"href":"https:\/\/www.piat.type.pl\/swiat\/wp-json\/wp\/v2\/types\/page"}],"author":[{"embeddable":true,"href":"https:\/\/www.piat.type.pl\/swiat\/wp-json\/wp\/v2\/users\/1"}],"replies":[{"embeddable":true,"href":"https:\/\/www.piat.type.pl\/swiat\/wp-json\/wp\/v2\/comments?post=1479"}],"version-history":[{"count":0,"href":"https:\/\/www.piat.type.pl\/swiat\/wp-json\/wp\/v2\/pages\/1479\/revisions"}],"wp:featuredmedia":[{"embeddable":true,"href":"https:\/\/www.piat.type.pl\/swiat\/wp-json\/wp\/v2\/media\/924"}],"wp:attachment":[{"href":"https:\/\/www.piat.type.pl\/swiat\/wp-json\/wp\/v2\/media?parent=1479"}],"curies":[{"name":"wp","href":"https:\/\/api.w.org\/{rel}","templated":true}]}}