{"id":1478,"date":"2020-12-06T23:18:19","date_gmt":"2020-12-06T23:18:19","guid":{"rendered":"http:\/\/www.piat.type.pl\/swiat\/?p=1478"},"modified":"2021-03-10T18:05:11","modified_gmt":"2021-03-10T18:05:11","slug":"czlowiek-we-mgle","status":"publish","type":"page","link":"https:\/\/www.piat.type.pl\/swiat\/czlowiek-we-mgle\/","title":{"rendered":"Cz\u0142owiek we mgle"},"content":{"rendered":"<p style=\"text-align: justify;\">Jeden z eksplorator\u00f3w Puny de Atacama, polski podr\u00f3\u017cnik Jan Sztolcman, tak o&nbsp;niej pisa\u0142:<\/p>\n<p style=\"text-align: justify;\"><em>&#8222;Og\u00f3lne wra\u017cenie, jakie Puna sprawia na podr\u00f3\u017cniku, jest pewnym rodzajem grozy i majestatu, [&#8230;] w\u0119drowiec odczuwa pewien rodzaj nico\u015bci i&nbsp;poszanowania dla tych stref niego\u015bcinnych. Czujemy si\u0119 strasznie bezsilnymi wobec tych pot\u0119\u017cnych fenomen\u00f3w powietrznych, wobec tych mas skalistych [&#8230;]&#8221;.<\/em><\/p>\n<p style=\"text-align: justify;\">Fascynuj\u0105 i przyci\u0105gaj\u0105 nas takie miejsca, mimo \u017ce czasem daj\u0105 nam odczu\u0107, \u017ce nie dla cz\u0142owieka zosta\u0142y stworzone, \u017ce jeste\u015bmy elementem obcym, niepasuj\u0105cym do obowi\u0105zuj\u0105cych tam regu\u0142. O tym w\u0142a\u015bnie jest ta impresja, a&nbsp;piosenka Adama Nowaka i&nbsp;zespo\u0142u Raz Dwa Trzy nie po raz pierwszy wyda\u0142a nam si\u0119 idealnym komentarzem do obraz\u00f3w.<br \/>\n<\/p>\n<div id=\"attachment_927\" style=\"width: 310px\" class=\"wp-caption aligncenter\"><a class=\"fancybox-vimeo\" href=\"http:\/\/player.vimeo.com\/video\/272837501?title=0;byline=0;portrait=0;autoplay=1;loop=1;quality=720p\"><img loading=\"lazy\" decoding=\"async\" aria-describedby=\"caption-attachment-927\" class=\"wp-image-927 size-medium\" title=\"Cz\u0142owiek we mgle\" src=\"https:\/\/www.piat.type.pl\/swiat\/wp-content\/uploads\/2018\/07\/czlowiekwemgle1-4-300x300.jpg\" alt=\"\" width=\"300\" height=\"300\" srcset=\"https:\/\/www.piat.type.pl\/swiat\/wp-content\/uploads\/2018\/07\/czlowiekwemgle1-4-300x300.jpg 300w, https:\/\/www.piat.type.pl\/swiat\/wp-content\/uploads\/2018\/07\/czlowiekwemgle1-4-150x150.jpg 150w, https:\/\/www.piat.type.pl\/swiat\/wp-content\/uploads\/2018\/07\/czlowiekwemgle1-4-768x768.jpg 768w, https:\/\/www.piat.type.pl\/swiat\/wp-content\/uploads\/2018\/07\/czlowiekwemgle1-4-508x508.jpg 508w, https:\/\/www.piat.type.pl\/swiat\/wp-content\/uploads\/2018\/07\/czlowiekwemgle1-4.jpg 1024w\" sizes=\"auto, (max-width: 300px) 100vw, 300px\" \/><\/a><p id=\"caption-attachment-927\" class=\"wp-caption-text\">Kliknij na obrazek, aby zobaczy\u0107 film<\/p><\/div>\n<p><br \/>\n<\/p>\n<p style=\"text-align: center;\">Zdj\u0119cia:<br \/>\n<strong>Iwona Szumacher<br \/>\nAndrzej Pi\u0105tek<\/strong><\/p>\n<p style=\"text-align: center;\">Piosenka:<br \/>\n<strong>Raz Dwa Trzy &#8211; &#8222;Tylko we mgle cz\u0142owiek&#8221;<\/strong><\/p>\n<div id=\"s3gt_translate_tooltip_mini\" class=\"s3gt_translate_tooltip_mini_box\" style=\"background: initial !important; border: initial !important; border-radius: initial !important; border-spacing: initial !important; border-collapse: initial !important; direction: ltr !important; flex-direction: initial !important; font-weight: initial !important; height: initial !important; letter-spacing: initial !important; min-width: initial !important; max-width: initial !important; min-height: initial !important; max-height: initial !important; margin: auto !important; outline: initial !important; padding: initial !important; position: absolute; table-layout: initial !important; text-align: initial !important; text-shadow: initial !important; width: initial !important; word-break: initial !important; word-spacing: initial !important; overflow-wrap: initial !important; box-sizing: initial !important; display: initial !important; color: inherit !important; font-size: 13px !important; font-family: X-LocaleSpecific, sans-serif, Tahoma, Helvetica !important; line-height: 13px !important; vertical-align: top !important; white-space: inherit !important; left: 725px; top: 346px; opacity: 0.25;\">\n<div id=\"s3gt_translate_tooltip_mini_logo\" class=\"s3gt_translate_tooltip_mini\" title=\"T\u0142umacz zaznaczony tekst\"><\/div>\n<div id=\"s3gt_translate_tooltip_mini_sound\" class=\"s3gt_translate_tooltip_mini\" title=\"Odtw\u00f3rz\"><\/div>\n<div id=\"s3gt_translate_tooltip_mini_copy\" class=\"s3gt_translate_tooltip_mini\" title=\"Kopiuj tekst do schowka\"><\/div>\n<\/div>\n","protected":false},"excerpt":{"rendered":"<p>Jeden z eksplorator\u00f3w Puny de Atacama, polski podr\u00f3\u017cnik Jan Sztolcman, tak o&nbsp;niej pisa\u0142: &#8222;Og\u00f3lne wra\u017cenie, jakie Puna sprawia na podr\u00f3\u017cniku, jest pewnym rodzajem grozy i majestatu, [&#8230;] w\u0119drowiec odczuwa pewien rodzaj nico\u015bci i&nbsp;poszanowania dla tych stref niego\u015bcinnych. Czujemy si\u0119 strasznie bezsilnymi wobec tych pot\u0119\u017cnych fenomen\u00f3w powietrznych, wobec tych mas skalistych [&#8230;]&#8221;. Fascynuj\u0105 i przyci\u0105gaj\u0105 nas [&hellip;]<\/p>\n","protected":false},"author":1,"featured_media":927,"parent":0,"menu_order":25,"comment_status":"closed","ping_status":"closed","template":"","meta":{"footnotes":""},"class_list":["post-1478","page","type-page","status-publish","has-post-thumbnail","hentry"],"_links":{"self":[{"href":"https:\/\/www.piat.type.pl\/swiat\/wp-json\/wp\/v2\/pages\/1478","targetHints":{"allow":["GET"]}}],"collection":[{"href":"https:\/\/www.piat.type.pl\/swiat\/wp-json\/wp\/v2\/pages"}],"about":[{"href":"https:\/\/www.piat.type.pl\/swiat\/wp-json\/wp\/v2\/types\/page"}],"author":[{"embeddable":true,"href":"https:\/\/www.piat.type.pl\/swiat\/wp-json\/wp\/v2\/users\/1"}],"replies":[{"embeddable":true,"href":"https:\/\/www.piat.type.pl\/swiat\/wp-json\/wp\/v2\/comments?post=1478"}],"version-history":[{"count":0,"href":"https:\/\/www.piat.type.pl\/swiat\/wp-json\/wp\/v2\/pages\/1478\/revisions"}],"wp:featuredmedia":[{"embeddable":true,"href":"https:\/\/www.piat.type.pl\/swiat\/wp-json\/wp\/v2\/media\/927"}],"wp:attachment":[{"href":"https:\/\/www.piat.type.pl\/swiat\/wp-json\/wp\/v2\/media?parent=1478"}],"curies":[{"name":"wp","href":"https:\/\/api.w.org\/{rel}","templated":true}]}}