{"id":1477,"date":"2020-12-06T23:17:48","date_gmt":"2020-12-06T23:17:48","guid":{"rendered":"http:\/\/www.piat.type.pl\/swiat\/?p=1477"},"modified":"2021-03-11T09:42:46","modified_gmt":"2021-03-11T09:42:46","slug":"lovely-day","status":"publish","type":"page","link":"https:\/\/www.piat.type.pl\/swiat\/lovely-day\/","title":{"rendered":"Lovely day"},"content":{"rendered":"<p style=\"text-align: justify;\">Wchodzenie na szczyty to tylko niewielka cz\u0119\u015b\u0107 czasu sp\u0119dzanego na wyprawie. Wi\u0119kszo\u015b\u0107 &#8211; to tak zwane \u017cycie obozowe: rozbijanie i&nbsp;zwijanie namiot\u00f3w, pozyskiwanie wody, przygotowywanie jedzenia, przeczekiwanie okres\u00f3w niepogody i oczywi\u015bcie rozmowy, a czasami spory. Ca\u0142y czas przebywamy w&nbsp;w\u0105skim gronie os\u00f3b i praktyka pokazuje, \u017ce o sukcesie przedsi\u0119wzi\u0119cia, bardziej ni\u017c pogoda, decyduje atmosfera w zespole i pozytywne nastawienie do tego, co mamy zrobi\u0107.<\/p>\n\n<div id=\"attachment_925\" style=\"width: 310px\" class=\"wp-caption aligncenter\"><a class=\"fancybox-vimeo\" href=\"http:\/\/player.vimeo.com\/video\/274173514?title=0;byline=0;portrait=0;autoplay=1;loop=1;quality=720p\"><img loading=\"lazy\" decoding=\"async\" aria-describedby=\"caption-attachment-925\" class=\"wp-image-925 size-medium\" title=\"Lovely day\" src=\"https:\/\/www.piat.type.pl\/swiat\/wp-content\/uploads\/2018\/07\/lovelyday1-4-300x300.jpg\" alt=\"\" width=\"300\" height=\"300\" srcset=\"https:\/\/www.piat.type.pl\/swiat\/wp-content\/uploads\/2018\/07\/lovelyday1-4-300x300.jpg 300w, https:\/\/www.piat.type.pl\/swiat\/wp-content\/uploads\/2018\/07\/lovelyday1-4-150x150.jpg 150w, https:\/\/www.piat.type.pl\/swiat\/wp-content\/uploads\/2018\/07\/lovelyday1-4-768x768.jpg 768w, https:\/\/www.piat.type.pl\/swiat\/wp-content\/uploads\/2018\/07\/lovelyday1-4-508x508.jpg 508w, https:\/\/www.piat.type.pl\/swiat\/wp-content\/uploads\/2018\/07\/lovelyday1-4.jpg 1024w\" sizes=\"auto, (max-width: 300px) 100vw, 300px\" \/><\/a><p id=\"caption-attachment-925\" class=\"wp-caption-text\">Kliknij na obrazek, aby zobaczy\u0107 film<\/p><\/div>\n<p><br \/>\n<\/p>\n<p style=\"text-align: center;\">Zdj\u0119cia:<br \/>\n<strong>Iwona Szumacher<\/strong><\/p>\n<p style=\"text-align: center;\">Piosenka:<br \/>\n<strong>Bill Withers &#8211; &#8222;Lovely Day&#8221;<\/strong><\/p>\n","protected":false},"excerpt":{"rendered":"<p>Wchodzenie na szczyty to tylko niewielka cz\u0119\u015b\u0107 czasu sp\u0119dzanego na wyprawie. Wi\u0119kszo\u015b\u0107 &#8211; to tak zwane \u017cycie obozowe: rozbijanie i&nbsp;zwijanie namiot\u00f3w, pozyskiwanie wody, przygotowywanie jedzenia, przeczekiwanie okres\u00f3w niepogody i oczywi\u015bcie rozmowy, a czasami spory. Ca\u0142y czas przebywamy w&nbsp;w\u0105skim gronie os\u00f3b i praktyka pokazuje, \u017ce o sukcesie przedsi\u0119wzi\u0119cia, bardziej ni\u017c pogoda, decyduje atmosfera w zespole i [&hellip;]<\/p>\n","protected":false},"author":1,"featured_media":925,"parent":0,"menu_order":24,"comment_status":"closed","ping_status":"closed","template":"","meta":{"footnotes":""},"class_list":["post-1477","page","type-page","status-publish","has-post-thumbnail","hentry"],"_links":{"self":[{"href":"https:\/\/www.piat.type.pl\/swiat\/wp-json\/wp\/v2\/pages\/1477","targetHints":{"allow":["GET"]}}],"collection":[{"href":"https:\/\/www.piat.type.pl\/swiat\/wp-json\/wp\/v2\/pages"}],"about":[{"href":"https:\/\/www.piat.type.pl\/swiat\/wp-json\/wp\/v2\/types\/page"}],"author":[{"embeddable":true,"href":"https:\/\/www.piat.type.pl\/swiat\/wp-json\/wp\/v2\/users\/1"}],"replies":[{"embeddable":true,"href":"https:\/\/www.piat.type.pl\/swiat\/wp-json\/wp\/v2\/comments?post=1477"}],"version-history":[{"count":0,"href":"https:\/\/www.piat.type.pl\/swiat\/wp-json\/wp\/v2\/pages\/1477\/revisions"}],"wp:featuredmedia":[{"embeddable":true,"href":"https:\/\/www.piat.type.pl\/swiat\/wp-json\/wp\/v2\/media\/925"}],"wp:attachment":[{"href":"https:\/\/www.piat.type.pl\/swiat\/wp-json\/wp\/v2\/media?parent=1477"}],"curies":[{"name":"wp","href":"https:\/\/api.w.org\/{rel}","templated":true}]}}