{"id":1475,"date":"2020-12-06T23:23:11","date_gmt":"2020-12-06T23:23:11","guid":{"rendered":"http:\/\/www.piat.type.pl\/swiat\/?p=1475"},"modified":"2021-08-25T13:46:05","modified_gmt":"2021-08-25T13:46:05","slug":"karpaty-poludniowe","status":"publish","type":"page","link":"https:\/\/www.piat.type.pl\/swiat\/karpaty-poludniowe\/","title":{"rendered":"Karpaty Po\u0142udniowe"},"content":{"rendered":"<p style=\"text-align: justify;\">Poczt\u00f3wka z letniego wypadu do Rumunii, w czasie kt\u00f3rego przemierzyli\u015bmy trzy grupy g\u00f3rskie. Wielki Retezat &#8211; skaliste granitowe pasmo z wieloma jeziorami i&nbsp;dwoma szczytami o&nbsp;wysoko\u015bci ponad 2500 m. Ma\u0142y Retezat &#8211; ni\u017cszy, cho\u0107 te\u017c przekraczaj\u0105cy 2000 m, wapienny masyw, bez jezior, ale za to z&nbsp;w\u0105wozami, po\u0142oninami, wielkimi stadami owiec i biwakami przy ognisku z kos\u00f3wki. Fogarasze &#8211; drugie co do wysoko\u015bci (po Tatrach) pasmo w Karpatach, znane z&nbsp;tego, \u017ce przewa\u017cnie tam leje.<\/p>\n<p style=\"text-align: justify;\">Trzy pasma g\u00f3rskie i trzy kawa\u0142ki muzyczne &#8211; wszystkie pochodz\u0105ce z&nbsp;regionu. Zesp\u00f3\u0142 Taraf de Metropulitana sk\u0142ada si\u0119 z&nbsp;cyga\u0144skich muzyk\u00f3w, kt\u00f3rzy na co dzie\u0144 zarabiali na \u017cycie, graj\u0105c na stacjach rzymskiego metra. Mo\u017ce ju\u017c teraz nie musz\u0105 tak zarabia\u0107, bo pewnego dnia zostali wypatrzeni przez producenta muzycznego, kt\u00f3ry wyda\u0142 im p\u0142yt\u0119 pt. &#8222;Nast\u0119pna stacja Koloseum&#8221; &#8211; z niej pochodzi pierwszy kawa\u0142ek. Drugi to utw\u00f3r &#8222;Lume lume&#8221; grany przez cyga\u0144sk\u0105 orkiestr\u0119 d\u0119t\u0105 &#8222;Fanfare Cziokarija&#8221; pochodz\u0105c\u0105 ze wschodniej Rumunii, prawie ju\u017c Mo\u0142dawii. Wspomaga j\u0105 s\u0142ynny bu\u0142garski ch\u00f3r \u017ce\u0144ski Angelite znany z&nbsp;udzia\u0142u w wielu projektach muzycznych, ikona muzyki folkowej, nie tylko ba\u0142ka\u0144skiej. Ostatni kawa\u0142ek to nowoczesne podej\u015bcie do bardzo starej tradycji muzycznej &#8211; ursari. To muzyka wygrywana za pomoc\u0105 instrument\u00f3w perkusyjnych, ale tak\u017ce sprz\u0119t\u00f3w codziennego u\u017cytku &#8211; kubk\u00f3w i \u0142y\u017cek. Podobno przygrywano w ten spos\u00f3b ta\u0144cz\u0105cym nied\u017awiedziom. Tutaj remix wykonany przez bukareszta\u0144ski zesp\u00f3\u0142 Shukar Collective, ju\u017c bez nied\u017awiedzia, za to z&nbsp;wykorzystaniem wsp\u00f3\u0142czesnej elektroniki.<\/p>\n\n<div id=\"attachment_377\" style=\"width: 310px\" class=\"wp-caption aligncenter\"><a class=\"fancybox-vimeo\" href=\"http:\/\/player.vimeo.com\/video\/104597821?title=0;byline=0;portrait=0;autoplay=1;loop=1;quality=720p\"><img loading=\"lazy\" decoding=\"async\" aria-describedby=\"caption-attachment-377\" class=\"wp-image-377 size-medium\" title=\"Karpaty Po\u0142udniowe\" src=\"https:\/\/www.piat.type.pl\/swiat\/wp-content\/uploads\/2018\/05\/karpatypoludniowe-4-300x300.jpg\" alt=\"\" width=\"300\" height=\"300\"><\/a><p id=\"caption-attachment-377\" class=\"wp-caption-text\">Kliknij na obrazek, aby zobaczy\u0107 film<\/p><\/div>\n<p><br \/>\n<\/p>\n<p style=\"text-align: center;\">Zdj\u0119cia:<br \/>\n<strong>Regina i Andrzej Pi\u0105tek, Bo\u017cena i Janusz Pieczerak<\/strong><\/p>\n<p style=\"text-align: center;\">Muzyka:<br \/>\nz p\u0142yty <strong>&#8222;The Rough Guide to the Music of Balkan Gypsies&#8221;<\/strong><\/p>\n<div id=\"s3gt_translate_tooltip_mini\" class=\"s3gt_translate_tooltip_mini_box\" style=\"background: initial !important; border: initial !important; border-radius: initial !important; border-spacing: initial !important; border-collapse: initial !important; direction: ltr !important; flex-direction: initial !important; font-weight: initial !important; height: initial !important; letter-spacing: initial !important; min-width: initial !important; max-width: initial !important; min-height: initial !important; max-height: initial !important; margin: auto !important; outline: initial !important; padding: initial !important; position: absolute; table-layout: initial !important; text-align: initial !important; text-shadow: initial !important; width: initial !important; word-break: initial !important; word-spacing: initial !important; overflow-wrap: initial !important; box-sizing: initial !important; display: initial !important; color: inherit !important; font-size: 13px !important; font-family: X-LocaleSpecific, sans-serif, Tahoma, Helvetica !important; line-height: 13px !important; vertical-align: top !important; white-space: inherit !important; left: 579px; top: 629px; opacity: 0.1;\">\n<div id=\"s3gt_translate_tooltip_mini_logo\" class=\"s3gt_translate_tooltip_mini\" title=\"T\u0142umacz zaznaczony tekst\"><\/div>\n<div id=\"s3gt_translate_tooltip_mini_sound\" class=\"s3gt_translate_tooltip_mini\" title=\"Odtw\u00f3rz\"><\/div>\n<div id=\"s3gt_translate_tooltip_mini_copy\" class=\"s3gt_translate_tooltip_mini\" title=\"Kopiuj tekst do schowka\"><\/div>\n<\/div>\n","protected":false},"excerpt":{"rendered":"<p>Poczt\u00f3wka z letniego wypadu do Rumunii, w czasie kt\u00f3rego przemierzyli\u015bmy trzy grupy g\u00f3rskie. Wielki Retezat &#8211; skaliste granitowe pasmo z wieloma jeziorami i&nbsp;dwoma szczytami o&nbsp;wysoko\u015bci ponad 2500 m. Ma\u0142y Retezat &#8211; ni\u017cszy, cho\u0107 te\u017c przekraczaj\u0105cy 2000 m, wapienny masyw, bez jezior, ale za to z&nbsp;w\u0105wozami, po\u0142oninami, wielkimi stadami owiec i biwakami przy ognisku z kos\u00f3wki. [&hellip;]<\/p>\n","protected":false},"author":1,"featured_media":289,"parent":0,"menu_order":17,"comment_status":"closed","ping_status":"closed","template":"","meta":{"footnotes":""},"class_list":["post-1475","page","type-page","status-publish","has-post-thumbnail","hentry"],"_links":{"self":[{"href":"https:\/\/www.piat.type.pl\/swiat\/wp-json\/wp\/v2\/pages\/1475","targetHints":{"allow":["GET"]}}],"collection":[{"href":"https:\/\/www.piat.type.pl\/swiat\/wp-json\/wp\/v2\/pages"}],"about":[{"href":"https:\/\/www.piat.type.pl\/swiat\/wp-json\/wp\/v2\/types\/page"}],"author":[{"embeddable":true,"href":"https:\/\/www.piat.type.pl\/swiat\/wp-json\/wp\/v2\/users\/1"}],"replies":[{"embeddable":true,"href":"https:\/\/www.piat.type.pl\/swiat\/wp-json\/wp\/v2\/comments?post=1475"}],"version-history":[{"count":1,"href":"https:\/\/www.piat.type.pl\/swiat\/wp-json\/wp\/v2\/pages\/1475\/revisions"}],"predecessor-version":[{"id":1794,"href":"https:\/\/www.piat.type.pl\/swiat\/wp-json\/wp\/v2\/pages\/1475\/revisions\/1794"}],"wp:featuredmedia":[{"embeddable":true,"href":"https:\/\/www.piat.type.pl\/swiat\/wp-json\/wp\/v2\/media\/289"}],"wp:attachment":[{"href":"https:\/\/www.piat.type.pl\/swiat\/wp-json\/wp\/v2\/media?parent=1475"}],"curies":[{"name":"wp","href":"https:\/\/api.w.org\/{rel}","templated":true}]}}