{"id":1472,"date":"2020-12-06T23:16:19","date_gmt":"2020-12-06T23:16:19","guid":{"rendered":"http:\/\/www.piat.type.pl\/swiat\/?p=1472"},"modified":"2021-06-08T21:06:54","modified_gmt":"2021-06-08T21:06:54","slug":"pieszo-przez-bbpn","status":"publish","type":"page","link":"https:\/\/www.piat.type.pl\/swiat\/pieszo-przez-bbpn\/","title":{"rendered":"Pieszo przez BbPN"},"content":{"rendered":"<p style=\"text-align: justify;\">BbPN to Biebrza\u0144ski Park Narodowy &#8211; najwi\u0119kszy z polskich park\u00f3w. Mo\u017cna go przemierza\u0107 rowerem lub konno, mo\u017cna sp\u0142ywa\u0107 kajakiem lub tratw\u0105 i mo\u017cna oczywi\u015bcie w\u0119drowa\u0107 piechot\u0105. Ten ostatni wariant, zw\u0142aszcza wiosn\u0105, mo\u017ce by\u0107 do\u015b\u0107 ambitnym przedsi\u0119wzi\u0119ciem, o czym decyduj\u0105 zar\u00f3wno odleg\u0142o\u015bci, jak i&nbsp;specyfika niekt\u00f3rych tras. Ale wiosn\u0105 nad Biebrz\u0105 jest najpi\u0119kniej, a piesza w\u0119dr\u00f3wka pozwala na najbli\u017cszy kontakt z biebrza\u0144sk\u0105 przyrod\u0105 &#8211; zdj\u0119cia pochodz\u0105 z takiego w\u0142a\u015bnie wyjazdu.<\/p>\n<p style=\"text-align: justify;\">A \u017ce w biebrza\u0144skich klimatach nietrudno si\u0119 zakocha\u0107, to ilustracj\u0105 muzyczn\u0105 jest instrumentalna wersja piosenki &#8222;Wielka mi\u0142o\u015b\u0107&#8221; z p\u0142yty &#8222;Seweryn Krajewski Smooth Jazz&#8221;, na kt\u00f3rej znalaz\u0142y si\u0119 nowe interpretacje piosenek Seweryna przygotowane przez Piotra Rodowicza i Tomasza Filipiaka. Oryginalna wersja tej piosenki powsta\u0142a w 1992 i pos\u0142u\u017cy\u0142a jako motyw muzyczny do filmu &#8222;Uprowadzenie Agaty&#8221;.<\/p>\n\n<div id=\"attachment_371\" style=\"width: 310px\" class=\"wp-caption aligncenter\"><a class=\"fancybox-vimeo\" href=\"http:\/\/player.vimeo.com\/video\/276325683?title=0;byline=0;portrait=0;autoplay=1;loop=1;quality=720p\"><img loading=\"lazy\" decoding=\"async\" aria-describedby=\"caption-attachment-371\" class=\"wp-image-371 size-medium\" title=\"Pieszo przez BbPN\" src=\"https:\/\/www.piat.type.pl\/swiat\/wp-content\/uploads\/2018\/05\/pieszoprzezbbpn-4-300x300.jpg\" alt=\"\" width=\"300\" height=\"300\"><\/a><p id=\"caption-attachment-371\" class=\"wp-caption-text\">Kliknij na obrazek, aby zobaczy\u0107 film<\/p><\/div>\n<p><br \/>\n<\/p>\n<p style=\"text-align: center;\">Zdj\u0119cia:<br \/>\n<strong>Regina i Andrzej Pi\u0105tek<\/strong><\/p>\n<p style=\"text-align: center;\">Muzyka:<br \/>\n<strong>Seweryn Krajewski &#8211; &#8222;Wielka mi\u0142o\u015b\u0107&#8221;<\/strong><br \/>\nwyk.: <strong>Piotr Rodowicz, Tomasz Filipiak i przyjaciele<\/strong><\/p>\n","protected":false},"excerpt":{"rendered":"<p>BbPN to Biebrza\u0144ski Park Narodowy &#8211; najwi\u0119kszy z polskich park\u00f3w. Mo\u017cna go przemierza\u0107 rowerem lub konno, mo\u017cna sp\u0142ywa\u0107 kajakiem lub tratw\u0105 i mo\u017cna oczywi\u015bcie w\u0119drowa\u0107 piechot\u0105. Ten ostatni wariant, zw\u0142aszcza wiosn\u0105, mo\u017ce by\u0107 do\u015b\u0107 ambitnym przedsi\u0119wzi\u0119ciem, o czym decyduj\u0105 zar\u00f3wno odleg\u0142o\u015bci, jak i&nbsp;specyfika niekt\u00f3rych tras. Ale wiosn\u0105 nad Biebrz\u0105 jest najpi\u0119kniej, a piesza w\u0119dr\u00f3wka pozwala [&hellip;]<\/p>\n","protected":false},"author":1,"featured_media":283,"parent":0,"menu_order":12,"comment_status":"closed","ping_status":"closed","template":"","meta":{"footnotes":""},"class_list":["post-1472","page","type-page","status-publish","has-post-thumbnail","hentry"],"_links":{"self":[{"href":"https:\/\/www.piat.type.pl\/swiat\/wp-json\/wp\/v2\/pages\/1472","targetHints":{"allow":["GET"]}}],"collection":[{"href":"https:\/\/www.piat.type.pl\/swiat\/wp-json\/wp\/v2\/pages"}],"about":[{"href":"https:\/\/www.piat.type.pl\/swiat\/wp-json\/wp\/v2\/types\/page"}],"author":[{"embeddable":true,"href":"https:\/\/www.piat.type.pl\/swiat\/wp-json\/wp\/v2\/users\/1"}],"replies":[{"embeddable":true,"href":"https:\/\/www.piat.type.pl\/swiat\/wp-json\/wp\/v2\/comments?post=1472"}],"version-history":[{"count":1,"href":"https:\/\/www.piat.type.pl\/swiat\/wp-json\/wp\/v2\/pages\/1472\/revisions"}],"predecessor-version":[{"id":1767,"href":"https:\/\/www.piat.type.pl\/swiat\/wp-json\/wp\/v2\/pages\/1472\/revisions\/1767"}],"wp:featuredmedia":[{"embeddable":true,"href":"https:\/\/www.piat.type.pl\/swiat\/wp-json\/wp\/v2\/media\/283"}],"wp:attachment":[{"href":"https:\/\/www.piat.type.pl\/swiat\/wp-json\/wp\/v2\/media?parent=1472"}],"curies":[{"name":"wp","href":"https:\/\/api.w.org\/{rel}","templated":true}]}}