{"id":1467,"date":"2020-12-06T23:13:50","date_gmt":"2020-12-06T23:13:50","guid":{"rendered":"http:\/\/www.piat.type.pl\/swiat\/?p=1467"},"modified":"2022-04-07T09:56:09","modified_gmt":"2022-04-07T09:56:09","slug":"londyn-londyn","status":"publish","type":"page","link":"https:\/\/www.piat.type.pl\/swiat\/londyn-londyn\/","title":{"rendered":"Londyn Londyn"},"content":{"rendered":"<p style=\"text-align: justify;\">Wiosn\u0105 2017 roku sp\u0119dzi\u0142em kilka dni w Londynie; nie by\u0142 to wyjazd turystyczny, ale zasadniczy program nie zaj\u0105\u0142 ca\u0142ego czasu. A \u017ce by\u0142em tam po raz pierwszy, wi\u0119c &#8211; mimo \u017ce nie lubi\u0119 zwiedzania &#8211; da\u0142em si\u0119 nam\u00f3wi\u0107 na kilka spacer\u00f3w po mie\u015bcie, w czasie kt\u00f3rych omijali\u015bmy szerokim \u0142ukiem wszystkie miejsca, gdzie by\u0142y jakiekolwiek kolejki, lub gdzie trzeba by\u0142o p\u0142aci\u0107 (to ostatnie z&nbsp;wy\u0142\u0105czeniem pub\u00f3w). I&nbsp;musz\u0119 powiedzie\u0107, \u017ce &#8211; niespodziewanie &#8211; Londyn spodoba\u0142 mi si\u0119. Spodoba\u0142o mi si\u0119 jego pomieszanie imperialnych tradycji z&nbsp;nowoczesno\u015bci\u0105 i wynikaj\u0105ca z tego naturalna multikulturowo\u015b\u0107, powszechna akceptacja r\u00f3\u017cnorodno\u015bci. Nikomu nie przeszkadza facet w sikhijskim dastaarze \u015bpiewaj\u0105cy na pr\u00f3bie ch\u00f3ru w anglika\u0144skim ko\u015bciele ani pierwszomajowy poch\u00f3d nios\u0105cy symbole, kt\u00f3re&#8230; zobaczycie sami. Ze zdj\u0119\u0107, zrobionych w czasie tych spacer\u00f3w powsta\u0142a taka w\u0142a\u015bnie, troch\u0119 wi\u0119ksza poczt\u00f3wka.<\/p>\n<p style=\"text-align: justify;\">Do tego b\u0119dzie r\u00f3wnie pogodna piosenka &#8211; pani opowiada, \u017ce chodzi sobie po Londynie i jest fajnie: ludzie s\u0105 mili &#8211; nawet policjant, niczego si\u0119 nie boi &#8211; nawet przej\u015b\u0107 przez ulic\u0119. Te spostrze\u017cenia mog\u0105 wyda\u0107 si\u0119 wyda\u0107 troch\u0119 dziwne, ale trzeba doda\u0107, \u017ce ta pani wprawdzie mieszka teraz w Londynie, ale pochodzi z&nbsp;innego wielkiego miasta &#8211; Sao Paulo. Potrafi\u0119 sobie wyobrazi\u0107, \u017ce tam mo\u017ce by\u0107 inaczej.<\/p>\n\n<div id=\"attachment_375\" style=\"width: 310px\" class=\"wp-caption aligncenter\"><a class=\"fancybox-vimeo\" href=\"http:\/\/player.vimeo.com\/video\/216398796?title=0;byline=0;portrait=0;autoplay=1;loop=1;quality=720p\"><img loading=\"lazy\" decoding=\"async\" aria-describedby=\"caption-attachment-375\" class=\"wp-image-375 size-medium\" title=\"Londyn, Londyn\" src=\"https:\/\/www.piat.type.pl\/swiat\/wp-content\/uploads\/2018\/05\/londyn-4-300x300.jpg\" alt=\"\" width=\"300\" height=\"300\"><\/a><p id=\"caption-attachment-375\" class=\"wp-caption-text\">Kliknij na obrazek, aby zobaczy\u0107 film<\/p><\/div>\n<p><br \/>\n<\/p>\n<p style=\"text-align: center;\">Zdj\u0119cia:<br \/>\n<strong>Andrzej Pi\u0105tek, Regina Pi\u0105tek<\/strong><\/p>\n<p style=\"text-align: center;\">Piosenka:<br \/>\n<strong>Cibelle &#8211; &#8222;London London&#8221;<\/strong><\/p>\n","protected":false},"excerpt":{"rendered":"<p>Wiosn\u0105 2017 roku sp\u0119dzi\u0142em kilka dni w Londynie; nie by\u0142 to wyjazd turystyczny, ale zasadniczy program nie zaj\u0105\u0142 ca\u0142ego czasu. A \u017ce by\u0142em tam po raz pierwszy, wi\u0119c &#8211; mimo \u017ce nie lubi\u0119 zwiedzania &#8211; da\u0142em si\u0119 nam\u00f3wi\u0107 na kilka spacer\u00f3w po mie\u015bcie, w czasie kt\u00f3rych omijali\u015bmy szerokim \u0142ukiem wszystkie miejsca, gdzie by\u0142y jakiekolwiek kolejki, [&hellip;]<\/p>\n","protected":false},"author":1,"featured_media":287,"parent":0,"menu_order":6,"comment_status":"closed","ping_status":"closed","template":"","meta":{"footnotes":""},"class_list":["post-1467","page","type-page","status-publish","has-post-thumbnail","hentry"],"_links":{"self":[{"href":"https:\/\/www.piat.type.pl\/swiat\/wp-json\/wp\/v2\/pages\/1467","targetHints":{"allow":["GET"]}}],"collection":[{"href":"https:\/\/www.piat.type.pl\/swiat\/wp-json\/wp\/v2\/pages"}],"about":[{"href":"https:\/\/www.piat.type.pl\/swiat\/wp-json\/wp\/v2\/types\/page"}],"author":[{"embeddable":true,"href":"https:\/\/www.piat.type.pl\/swiat\/wp-json\/wp\/v2\/users\/1"}],"replies":[{"embeddable":true,"href":"https:\/\/www.piat.type.pl\/swiat\/wp-json\/wp\/v2\/comments?post=1467"}],"version-history":[{"count":1,"href":"https:\/\/www.piat.type.pl\/swiat\/wp-json\/wp\/v2\/pages\/1467\/revisions"}],"predecessor-version":[{"id":1823,"href":"https:\/\/www.piat.type.pl\/swiat\/wp-json\/wp\/v2\/pages\/1467\/revisions\/1823"}],"wp:featuredmedia":[{"embeddable":true,"href":"https:\/\/www.piat.type.pl\/swiat\/wp-json\/wp\/v2\/media\/287"}],"wp:attachment":[{"href":"https:\/\/www.piat.type.pl\/swiat\/wp-json\/wp\/v2\/media?parent=1467"}],"curies":[{"name":"wp","href":"https:\/\/api.w.org\/{rel}","templated":true}]}}