{"id":1464,"date":"2020-12-06T23:12:29","date_gmt":"2020-12-06T23:12:29","guid":{"rendered":"http:\/\/www.piat.type.pl\/swiat\/?p=1464"},"modified":"2021-11-11T18:46:47","modified_gmt":"2021-11-11T18:46:47","slug":"w-domu-trolli","status":"publish","type":"page","link":"https:\/\/www.piat.type.pl\/swiat\/w-domu-trolli\/","title":{"rendered":"W domu trolli"},"content":{"rendered":"<p style=\"text-align: justify;\">Norwegia to ojczyzna trolli, a g\u00f3rski rejon Trollheimen (czyli Dom Trolli) to miejsce, gdzie powinno by\u0107 ich najwi\u0119cej. W\u0142a\u015bnie tam, w sierpniu 2018 roku, odby\u0142a si\u0119 LONGINADA, czyli kolejny wyjazd zorganizowany i poprowadzony przez Longina Fiedczaka z <a href=\"http:\/\/www.skpb.waw.pl\">SKPB Warszawa<\/a>. Trolle nie s\u0105 przyjaznymi istotami, ale w sierpniu ryzyko spotkania z nimi nie jest du\u017ce, bo na p\u00f3\u0142nocy dzie\u0144 jest wtedy bardzo d\u0142ugi, a trolle nie znosz\u0105 \u015bwiat\u0142a s\u0142onecznego. Mogli\u015bmy bezpiecznie przemierza\u0107 miejsca, kt\u00f3re lubi\u0105 najbardziej &#8211; lasy, bagna i g\u00f3ry. By\u0107 mo\u017ce jednak ca\u0142y czas by\u0142y blisko &#8211; legenda m\u00f3wi, \u017ce troll, kt\u00f3ry na czas nie schowa si\u0119 przed promieniami s\u0142o\u0144ca, zamienia si\u0119 w kamie\u0144.<\/p>\n<p style=\"text-align: justify;\">W leniwej w\u0119dr\u00f3wce przez posiad\u0142o\u015bci trolli towarzyszy\u0107 nam b\u0119dzie kontemplacyjna muzyka najbardziej znanego norweskiego saksofonisty jazzowego Jana Garbarka.<\/p>\n\n<div id=\"attachment_999\" style=\"width: 310px\" class=\"wp-caption aligncenter\"><a class=\"fancybox-vimeo\" href=\"http:\/\/player.vimeo.com\/video\/285718342?title=0;byline=0;portrait=0;autoplay=1;loop=1;quality=720p\"><img loading=\"lazy\" decoding=\"async\" aria-describedby=\"caption-attachment-999\" class=\"wp-image-999 size-medium\" title=\"W domu trolli\" src=\"https:\/\/www.piat.type.pl\/swiat\/wp-content\/uploads\/2018\/08\/trollheimen-4-300x300.jpg\" alt=\"\" width=\"300\" height=\"300\"><\/a><p id=\"caption-attachment-999\" class=\"wp-caption-text\">Kliknij na obrazek, aby zobaczy\u0107 film<\/p><\/div>\n<p><br \/>\n<\/p>\n<p style=\"text-align: center;\">Zdj\u0119cia:<br \/>\n<strong>Regina i Andrzej Pi\u0105tek<\/strong><\/p>\n<p style=\"text-align: center;\">Muzyka:<br \/>\n<strong>Jan Garbarek &#8211; &#8222;Red Wind&#8221;<\/strong><\/p>\n","protected":false},"excerpt":{"rendered":"<p>Norwegia to ojczyzna trolli, a g\u00f3rski rejon Trollheimen (czyli Dom Trolli) to miejsce, gdzie powinno by\u0107 ich najwi\u0119cej. W\u0142a\u015bnie tam, w sierpniu 2018 roku, odby\u0142a si\u0119 LONGINADA, czyli kolejny wyjazd zorganizowany i poprowadzony przez Longina Fiedczaka z SKPB Warszawa. Trolle nie s\u0105 przyjaznymi istotami, ale w sierpniu ryzyko spotkania z nimi nie jest du\u017ce, bo [&hellip;]<\/p>\n","protected":false},"author":1,"featured_media":1000,"parent":0,"menu_order":3,"comment_status":"closed","ping_status":"closed","template":"","meta":{"footnotes":""},"class_list":["post-1464","page","type-page","status-publish","has-post-thumbnail","hentry"],"_links":{"self":[{"href":"https:\/\/www.piat.type.pl\/swiat\/wp-json\/wp\/v2\/pages\/1464","targetHints":{"allow":["GET"]}}],"collection":[{"href":"https:\/\/www.piat.type.pl\/swiat\/wp-json\/wp\/v2\/pages"}],"about":[{"href":"https:\/\/www.piat.type.pl\/swiat\/wp-json\/wp\/v2\/types\/page"}],"author":[{"embeddable":true,"href":"https:\/\/www.piat.type.pl\/swiat\/wp-json\/wp\/v2\/users\/1"}],"replies":[{"embeddable":true,"href":"https:\/\/www.piat.type.pl\/swiat\/wp-json\/wp\/v2\/comments?post=1464"}],"version-history":[{"count":1,"href":"https:\/\/www.piat.type.pl\/swiat\/wp-json\/wp\/v2\/pages\/1464\/revisions"}],"predecessor-version":[{"id":1807,"href":"https:\/\/www.piat.type.pl\/swiat\/wp-json\/wp\/v2\/pages\/1464\/revisions\/1807"}],"wp:featuredmedia":[{"embeddable":true,"href":"https:\/\/www.piat.type.pl\/swiat\/wp-json\/wp\/v2\/media\/1000"}],"wp:attachment":[{"href":"https:\/\/www.piat.type.pl\/swiat\/wp-json\/wp\/v2\/media?parent=1464"}],"curies":[{"name":"wp","href":"https:\/\/api.w.org\/{rel}","templated":true}]}}