{"id":1459,"date":"2020-12-06T23:09:22","date_gmt":"2020-12-06T23:09:22","guid":{"rendered":"http:\/\/www.piat.type.pl\/swiat\/?p=1459"},"modified":"2021-08-25T13:40:06","modified_gmt":"2021-08-25T13:40:06","slug":"denali","status":"publish","type":"page","link":"https:\/\/www.piat.type.pl\/swiat\/denali\/","title":{"rendered":"Denali"},"content":{"rendered":"\r\n<h5 class=\"has-text-align-center wp-block-heading\">Are you going with me?<\/h5>\r\n\r\n\r\n\r\n<p style=\"text-align: justify;\">Denali (kiedy\u015b nosz\u0105cy r\u00f3wnie\u017c nazw\u0119 McKinley) to najwy\u017cszy szczyt Ameryki P\u00f3\u0142nocnej. Le\u017cy w G\u00f3rach Alaski w masywie pokrytym kilkusetmetrow\u0105 warstw\u0105 \u015bnie\u017cno-lodow\u0105. Denali ma &#8222;tylko&#8221; 6190 m, ale ze wzgl\u0119du na po\u0142o\u017cenie bliskie kr\u0119gowi polarnemu, warunki na szczycie odpowiadaj\u0105 siedmiotysi\u0119cznikom. Z\u00a0miasteczka Talkeetna do bazy na lodowcu Kahiltna mo\u017cna si\u0119 dosta\u0107 awionetk\u0105, kt\u00f3ra l\u0105duje na wysoko\u015bci ok. 2200 metr\u00f3w. St\u0105d rozpoczyna si\u0119 w\u0119dr\u00f3wk\u0119 w kierunku szczytu, po drodze zak\u0142ada si\u0119 zwykle pi\u0119\u0107 oboz\u00f3w po\u015brednich. Rzadko kiedy udaje si\u0119 pokona\u0107 t\u0119 tras\u0119 bez przeczekiwania okres\u00f3w niepogody, dlatego paliwo i \u017cywno\u015b\u0107 trzeba mie\u0107 na dwa tygodnie. To zdecydowanie za du\u017co na plecak &#8211; ekwipunek ci\u0105gniemy na saniach. Powy\u017cej obozu czwartego teren jest ju\u017c zbyt stromy na sanie, zaczyna si\u0119 wspinaczka. Dotarli\u015bmy do ostatniego &#8211; pi\u0105tego obozu na wysoko\u015bci 5240 m, z kt\u00f3rego atakuje si\u0119 wierzcho\u0142ek. Niestety nie doczekali\u015bmy si\u0119 na pogod\u0119, kt\u00f3ra pozwoli\u0142aby na wej\u015bcie na szczyt, jednak czas sp\u0119dzony na lodowcu, na kt\u00f3rym dzie\u0144 trwa niemal ca\u0142\u0105 dob\u0119, a pogodzie wszystko wolno, by\u0142 niezwyk\u0142ym prze\u017cyciem.<\/p>\r\n\r\n\r\n\r\n<p style=\"text-align: justify;\">R\u00f3wnie niezwyk\u0142a jest muzyka, kt\u00f3r\u0105 spr\u00f3bowa\u0142em zilustrowa\u0107 zdj\u0119ciami z\u00a0wyprawy na Denali. &#8222;Are You Going with Me?&#8221; to jedna z najbardziej rozpoznawalnych kompozycji Pata Metheny&#8217;ego, a wersja, kt\u00f3ra znalaz\u0142a si\u0119 na wsp\u00f3lnej p\u0142ycie Pata i Anny Marii Jopek p.t. &#8222;Upojenie&#8221;, jest absolutnie genialna. P\u0142yt\u0119 wyprodukowa\u0142 Marcin Kydry\u0144ski, a jej pe\u0142ny tytu\u0142 to &#8222;Anna Maria Jopek &amp; Friends With Pat Metheny &#8211; Upojenie&#8221;.<\/p>\r\n\r\n\r\n\r\n<\/p>\r\n\r\n\r\n\r\n<div class=\"wp-block-image\">\r\n<figure class=\"aligncenter\"><a class=\"fancybox-vimeo\" href=\"http:\/\/player.vimeo.com\/video\/364836771?title=0;byline=0;portrait=0;autoplay=1;loop=1;quality=720p\"><img decoding=\"async\" class=\"wp-image-1171\" src=\"https:\/\/www.piat.type.pl\/swiat\/wp-content\/uploads\/2019\/10\/denali-4-300x300.jpg\" alt=\"Denali\" \/><\/a>\r\n<figcaption>Kliknij na obrazek, aby zobaczy\u0107 film<\/figcaption>\r\n<\/figure>\r\n<\/div>\r\n\r\n\r\n\r\n<p>\r\n\r\n\r\n\r\n\r\n\r\n\r\n\r\n<p>&nbsp;<\/p>\r\n\r\n\r\n\r\n<p class=\"has-text-align-center\">Zdj\u0119cia:<br \/><strong>Przemys\u0142aw Kwarta<br \/>Wojciech Lewandowski<br \/>Andrzej Pi\u0105tek<br \/>Iwona Szumacher<\/strong><\/p>\r\n\r\n\r\n\r\n<p>&nbsp;<\/p>\r\n\r\n\r\n\r\n<p class=\"has-text-align-center\">Muzyka:<br \/><strong> Pat Metheny i Anna Maria Jopek &#8211; &#8222;Are You Going with Me?&#8221;<\/strong><\/p>\r\n","protected":false},"excerpt":{"rendered":"<p>Are you going with me? Denali (kiedy\u015b nosz\u0105cy r\u00f3wnie\u017c nazw\u0119 McKinley) to najwy\u017cszy szczyt Ameryki P\u00f3\u0142nocnej. Le\u017cy w G\u00f3rach Alaski w masywie pokrytym kilkusetmetrow\u0105 warstw\u0105 \u015bnie\u017cno-lodow\u0105. Denali ma &#8222;tylko&#8221; 6190 m, ale ze wzgl\u0119du na po\u0142o\u017cenie bliskie kr\u0119gowi polarnemu, warunki na szczycie odpowiadaj\u0105 siedmiotysi\u0119cznikom. Z\u00a0miasteczka Talkeetna do bazy na lodowcu Kahiltna mo\u017cna si\u0119 dosta\u0107 awionetk\u0105, [&hellip;]<\/p>\n","protected":false},"author":1,"featured_media":1172,"parent":0,"menu_order":0,"comment_status":"closed","ping_status":"closed","template":"","meta":{"footnotes":""},"class_list":["post-1459","page","type-page","status-publish","has-post-thumbnail","hentry"],"_links":{"self":[{"href":"https:\/\/www.piat.type.pl\/swiat\/wp-json\/wp\/v2\/pages\/1459","targetHints":{"allow":["GET"]}}],"collection":[{"href":"https:\/\/www.piat.type.pl\/swiat\/wp-json\/wp\/v2\/pages"}],"about":[{"href":"https:\/\/www.piat.type.pl\/swiat\/wp-json\/wp\/v2\/types\/page"}],"author":[{"embeddable":true,"href":"https:\/\/www.piat.type.pl\/swiat\/wp-json\/wp\/v2\/users\/1"}],"replies":[{"embeddable":true,"href":"https:\/\/www.piat.type.pl\/swiat\/wp-json\/wp\/v2\/comments?post=1459"}],"version-history":[{"count":0,"href":"https:\/\/www.piat.type.pl\/swiat\/wp-json\/wp\/v2\/pages\/1459\/revisions"}],"wp:featuredmedia":[{"embeddable":true,"href":"https:\/\/www.piat.type.pl\/swiat\/wp-json\/wp\/v2\/media\/1172"}],"wp:attachment":[{"href":"https:\/\/www.piat.type.pl\/swiat\/wp-json\/wp\/v2\/media?parent=1459"}],"curies":[{"name":"wp","href":"https:\/\/api.w.org\/{rel}","templated":true}]}}