{"id":1458,"date":"2020-12-06T23:09:47","date_gmt":"2020-12-06T23:09:47","guid":{"rendered":"http:\/\/www.piat.type.pl\/swiat\/?p=1458"},"modified":"2021-10-10T22:36:49","modified_gmt":"2021-10-10T22:36:49","slug":"duchy-muztagh-aty","status":"publish","type":"page","link":"https:\/\/www.piat.type.pl\/swiat\/duchy-muztagh-aty\/","title":{"rendered":"Duchy Muztagh Aty"},"content":{"rendered":"<p style=\"text-align: justify;\">G\u00f3ry Pamir, kt\u00f3re le\u017c\u0105 g\u0142\u00f3wnie w Tad\u017cykistanie, stanowi\u0105 w\u0119ze\u0142 \u0142\u0105cz\u0105cy najwy\u017csze \u0142a\u0144cuchy g\u00f3rskie \u015bwiata: Himalaje, Karakorum, Hindukusz, Kunlun i&nbsp;Tien-szan. Wschodni skraj Pamiru to znajduj\u0105ce si\u0119 ju\u017c w Chinach G\u00f3ry Kaszgarskie z dwoma pot\u0119\u017cnymi siedmiotysi\u0119cznikami Kongur Tagh i Muztagh Ata &#8211; oba nale\u017c\u0105 do 50 najwy\u017cszych szczyt\u00f3w Ziemi. Postanowili\u015bmy wej\u015b\u0107 na drugi z nich zach\u0119ceni jego dost\u0119pno\u015bci\u0105 &#8211; na dotarcie od drogi jezdnej do podstawy \u0142agodnego zachodniego zbocza potrzeba tylko jednego dnia marszu. Przedtem jednak musieli\u015bmy przejecha\u0107 przez g\u00f3ry Tien-szan pokonuj\u0105c blisko 1000 km ze stolicy Kirgistanu &#8211; Biszkeku do chi\u0144skiego miasta Kaszgar i dalej jeszcze 200 km na po\u0142udnie s\u0142ynn\u0105 &#8222;Karakorum Highway&#8221; najwy\u017cej po\u0142o\u017con\u0105 utwardzon\u0105 drog\u0105 \u015bwiata. Trzeba jednak powiedzie\u0107, \u017ce w\u0142a\u015bnie ten ostatni odcinek by\u0142 najmniej uci\u0105\u017cliwy, bo chi\u0144ska cz\u0119\u015b\u0107 &#8222;Karakorum Highway&#8221; jest (w&nbsp;przeciwie\u0144stwie do pakista\u0144skiej) doskonale utrzymana.<\/p>\r\n<p style=\"text-align: justify;\">Muztagh Ata nie jest szczytem trudnym technicznie, co nie oznacza, \u017ce \u0142atwo go zdoby\u0107. Sama wysoko\u015b\u0107 &#8211; 7546 m n.p.m. &#8211; budzi respekt. Trzeba za\u0142o\u017cy\u0107 i&nbsp;zaopatrzy\u0107 trzy obozy po\u015brednie i powoli zdobywa\u0107 aklimatyzacj\u0119 w\u0119druj\u0105c pomi\u0119dzy nimi, a baz\u0105. Duch g\u00f3ry &#8211; ten, kt\u00f3ry rz\u0105dzi pogod\u0105 okaza\u0142 si\u0119 \u0142askawy tylko dla pierwszej czw\u00f3rki z naszej siedmioosobowej grupy. Objawi\u0142 si\u0119 nam nawet w podszczytowych partiach, w czasie zej\u015bcia, przybieraj\u0105c posta\u0107 \u015bwietlistej \u0142uny ta\u0144cz\u0105cych kryszta\u0142k\u00f3w lodu. Zaraz potem nast\u0105pi\u0142o d\u0142ugotrwa\u0142e za\u0142amanie pogody.<\/p>\r\n<p style=\"text-align: justify;\">Wybra\u0142em pi\u0119kny, spokojny utw\u00f3r z p\u0142yty &#8222;Visible World&#8221; Jana Garbarka, bo wchodzenie na wielk\u0105 g\u00f3r\u0119, to mozolna praca wykonywana w niezwyczajnych okoliczno\u015bciach przyrody. Zmagamy si\u0119 z aur\u0105 i w\u0142asnymi s\u0142abo\u015bciami, nic nie dzieje si\u0119 szybko &#8211; niska temperatura i brak tlenu spowalniaj\u0105 reakcje, tonuj\u0105 emocje. Za to po powrocie w doliny, z sukcesem, czy bez &#8211; jeste\u015bmy ju\u017c troch\u0119 innymi lud\u017ami, mam nadziej\u0119 &#8211; lepszymi. Przecie\u017c w\u0142a\u015bnie po to chodzimy w&nbsp;g\u00f3ry&#8230;<\/p>\r\n<p><!--StartFragment--><\/p>\r\n\r\n\r\n<\/p>\r\n\r\n\r\n\r\n<div class=\"wp-block-image\"><figure class=\"aligncenter\"><a class=\"fancybox-vimeo\" href=\"http:\/\/player.vimeo.com\/video\/377734089?title=0;byline=0;portrait=0;autoplay=1;loop=1;quality=720p\"><img decoding=\"async\" src=\"https:\/\/www.piat.type.pl\/swiat\/wp-content\/uploads\/2019\/12\/duchy-4-300x300.jpg\" alt=\"Duchy Muztagh Aty\" class=\"wp-image-1203\"\/><\/a><figcaption>Kliknij na obrazek, aby zobaczy\u0107 film<\/figcaption><\/figure><\/div>\r\n\r\n\r\n\r\n<p>\r\n\r\n\r\n\r\n\r\n\r\n\r\n\r\n<p><\/p>\r\n\r\n\r\n\r\n<p class=\"has-text-align-center\">Zdj\u0119cia:<br>\r\n<strong>S\u0142awek Bogus\u0142awski<br>\r\nWojtek Lewandowski<br>\r\nAndrzej Pi\u0105tek<br>\r\nPawe\u0142 Rojan<\/strong><\/p>\r\n\r\n\r\n<p><\/p>\r\n<p><b><\/b><\/p>\r\n\r\n\r\n<p><\/p>\r\n\r\n\r\n\r\n<p class=\"has-text-align-center\">Muzyka:<br>\r\n<strong>Jan Garbarek &#8211; &#8222;The healing smoke&#8221;<\/strong><\/p>\r\n\r\n\r\n<p><!--EndFragment--><\/p>\r\n\r\n\r\n<p><\/p>\r\n","protected":false},"excerpt":{"rendered":"<p>G\u00f3ry Pamir, kt\u00f3re le\u017c\u0105 g\u0142\u00f3wnie w Tad\u017cykistanie, stanowi\u0105 w\u0119ze\u0142 \u0142\u0105cz\u0105cy najwy\u017csze \u0142a\u0144cuchy g\u00f3rskie \u015bwiata: Himalaje, Karakorum, Hindukusz, Kunlun i&nbsp;Tien-szan. Wschodni skraj Pamiru to znajduj\u0105ce si\u0119 ju\u017c w Chinach G\u00f3ry Kaszgarskie z dwoma pot\u0119\u017cnymi siedmiotysi\u0119cznikami Kongur Tagh i Muztagh Ata &#8211; oba nale\u017c\u0105 do 50 najwy\u017cszych szczyt\u00f3w Ziemi. Postanowili\u015bmy wej\u015b\u0107 na drugi z nich zach\u0119ceni jego [&hellip;]<\/p>\n","protected":false},"author":1,"featured_media":1204,"parent":0,"menu_order":0,"comment_status":"closed","ping_status":"closed","template":"","meta":{"footnotes":""},"class_list":["post-1458","page","type-page","status-publish","has-post-thumbnail","hentry"],"_links":{"self":[{"href":"https:\/\/www.piat.type.pl\/swiat\/wp-json\/wp\/v2\/pages\/1458","targetHints":{"allow":["GET"]}}],"collection":[{"href":"https:\/\/www.piat.type.pl\/swiat\/wp-json\/wp\/v2\/pages"}],"about":[{"href":"https:\/\/www.piat.type.pl\/swiat\/wp-json\/wp\/v2\/types\/page"}],"author":[{"embeddable":true,"href":"https:\/\/www.piat.type.pl\/swiat\/wp-json\/wp\/v2\/users\/1"}],"replies":[{"embeddable":true,"href":"https:\/\/www.piat.type.pl\/swiat\/wp-json\/wp\/v2\/comments?post=1458"}],"version-history":[{"count":1,"href":"https:\/\/www.piat.type.pl\/swiat\/wp-json\/wp\/v2\/pages\/1458\/revisions"}],"predecessor-version":[{"id":1801,"href":"https:\/\/www.piat.type.pl\/swiat\/wp-json\/wp\/v2\/pages\/1458\/revisions\/1801"}],"wp:featuredmedia":[{"embeddable":true,"href":"https:\/\/www.piat.type.pl\/swiat\/wp-json\/wp\/v2\/media\/1204"}],"wp:attachment":[{"href":"https:\/\/www.piat.type.pl\/swiat\/wp-json\/wp\/v2\/media?parent=1458"}],"curies":[{"name":"wp","href":"https:\/\/api.w.org\/{rel}","templated":true}]}}