{"id":1454,"date":"2020-12-06T23:11:03","date_gmt":"2020-12-06T23:11:03","guid":{"rendered":"http:\/\/www.piat.type.pl\/swiat\/?p=1454"},"modified":"2021-10-10T22:03:50","modified_gmt":"2021-10-10T22:03:50","slug":"tien-szan","status":"publish","type":"page","link":"https:\/\/www.piat.type.pl\/swiat\/tien-szan\/","title":{"rendered":"Tien-szan"},"content":{"rendered":"<p style=\"text-align: justify;\">W sierpniu 2012 roku mieli\u015bmy okazj\u0119 wzi\u0105\u0107 udzia\u0142 w wyprawie szkoleniowej zorganizowanej przez Polski Klub G\u00f3rski dla grupy swoich m\u0142odych cz\u0142onk\u00f3w i&nbsp;sympatyk\u00f3w. Miejsce akcji to g\u00f3ry Tien-szan le\u017c\u0105ce w centralnej Azji, mi\u0119dzy innymi w Kirgistanie. \u015arednia wysoko\u015b\u0107 terytorium Kirgistanu to wi\u0119cej ni\u017c mierz\u0105 najwy\u017csze szczyty Tatr. Eksplorowali\u015bmy pasmo Terskej A\u0142atoo po\u0142o\u017cone we wschodniej cz\u0119\u015bci kraju, nieopodal wielkiego jeziora Issyk-kul. Najwy\u017csze szczyty przekraczaj\u0105 tam 5000 m n.p.m. To idealne miejsce, by zapozna\u0107 si\u0119 r\u00f3\u017cnymi rodzajami dzia\u0142alno\u015bci g\u00f3rskiej \u2013 by\u0142 prawdziwie wysokog\u00f3rski trekking, elementy wspinaczki skalnej, w\u0119dr\u00f3wka po lodowcach. No i wspania\u0142e biwaki w pi\u0119knym otoczeniu \u2013 Tien-szan t\u0142umaczy si\u0119 przecie\u017c jako \u201eg\u00f3ry niebia\u0144skie\u201d.<\/p>\r\n<p style=\"text-align: justify;\">Popatrzmy na to, co tam robili\u015bmy, s\u0142uchaj\u0105c kilku melodii z p\u0142yty grupy Kambarkan \u2013 \u201eeksportowego\u201d zespo\u0142u specjalizuj\u0105cego si\u0119 we wsp\u00f3\u0142czesnych interpretacjach tradycyjnych kirgiskich melodii ludowych.<\/p>\r\n\r\n\r\n<\/p>\r\n\r\n\r\n\r\n<div class=\"wp-block-image\"><figure class=\"aligncenter size-medium\"><a class=\"fancybox-vimeo\" href=\"http:\/\/player.vimeo.com\/video\/430648541?title=0;byline=0;portrait=0;autoplay=1;loop=1;quality=720p\"><img decoding=\"async\" src=\"https:\/\/www.piat.type.pl\/swiat\/wp-content\/uploads\/2020\/06\/tienszan-4-300x300.jpg\" alt=\"Tien-szan\" class=\"wp-image-1307\"\/><\/a><figcaption>Kliknij na obrazek, aby zobaczy\u0107 film<\/figcaption><\/figure><\/div>\r\n\r\n\r\n\r\n<p>\r\n\r\n\r\n\r\n\r\n\r\n\r\n\r\n<p><\/p>\r\n\r\n\r\n\r\n<p class=\"has-text-align-center\">Zdj\u0119cia:<br><strong>Regina i Andrzej Pi\u0105tek<\/strong><\/p>\r\n\r\n\r\n<p><\/p>\r\n\r\n\r\n<p><\/p>\r\n\r\n\r\n\r\n<p class=\"has-text-align-center\">Piosenka:<br><strong>Kambarkan Folk Ensamble &#8211; &#8222;The Music of Kyrgyzstan&#8221;<\/strong><\/p>\r\n\r\n\r\n<p><!--EndFragment--><\/p>\r\n\r\n\r\n<p><\/p>\r\n","protected":false},"excerpt":{"rendered":"<p>W sierpniu 2012 roku mieli\u015bmy okazj\u0119 wzi\u0105\u0107 udzia\u0142 w wyprawie szkoleniowej zorganizowanej przez Polski Klub G\u00f3rski dla grupy swoich m\u0142odych cz\u0142onk\u00f3w i&nbsp;sympatyk\u00f3w. Miejsce akcji to g\u00f3ry Tien-szan le\u017c\u0105ce w centralnej Azji, mi\u0119dzy innymi w Kirgistanie. \u015arednia wysoko\u015b\u0107 terytorium Kirgistanu to wi\u0119cej ni\u017c mierz\u0105 najwy\u017csze szczyty Tatr. Eksplorowali\u015bmy pasmo Terskej A\u0142atoo po\u0142o\u017cone we wschodniej cz\u0119\u015bci kraju, [&hellip;]<\/p>\n","protected":false},"author":1,"featured_media":1344,"parent":0,"menu_order":0,"comment_status":"closed","ping_status":"closed","template":"","meta":{"footnotes":""},"class_list":["post-1454","page","type-page","status-publish","has-post-thumbnail","hentry"],"_links":{"self":[{"href":"https:\/\/www.piat.type.pl\/swiat\/wp-json\/wp\/v2\/pages\/1454","targetHints":{"allow":["GET"]}}],"collection":[{"href":"https:\/\/www.piat.type.pl\/swiat\/wp-json\/wp\/v2\/pages"}],"about":[{"href":"https:\/\/www.piat.type.pl\/swiat\/wp-json\/wp\/v2\/types\/page"}],"author":[{"embeddable":true,"href":"https:\/\/www.piat.type.pl\/swiat\/wp-json\/wp\/v2\/users\/1"}],"replies":[{"embeddable":true,"href":"https:\/\/www.piat.type.pl\/swiat\/wp-json\/wp\/v2\/comments?post=1454"}],"version-history":[{"count":1,"href":"https:\/\/www.piat.type.pl\/swiat\/wp-json\/wp\/v2\/pages\/1454\/revisions"}],"predecessor-version":[{"id":1799,"href":"https:\/\/www.piat.type.pl\/swiat\/wp-json\/wp\/v2\/pages\/1454\/revisions\/1799"}],"wp:featuredmedia":[{"embeddable":true,"href":"https:\/\/www.piat.type.pl\/swiat\/wp-json\/wp\/v2\/media\/1344"}],"wp:attachment":[{"href":"https:\/\/www.piat.type.pl\/swiat\/wp-json\/wp\/v2\/media?parent=1454"}],"curies":[{"name":"wp","href":"https:\/\/api.w.org\/{rel}","templated":true}]}}