{"id":1453,"date":"2020-12-06T23:07:32","date_gmt":"2020-12-06T23:07:32","guid":{"rendered":"http:\/\/www.piat.type.pl\/swiat\/?p=1453"},"modified":"2021-03-11T09:25:42","modified_gmt":"2021-03-11T09:25:42","slug":"swiatla-polnocy","status":"publish","type":"page","link":"https:\/\/www.piat.type.pl\/swiat\/swiatla-polnocy\/","title":{"rendered":"\u015awiat\u0142a p\u00f3\u0142nocy"},"content":{"rendered":"\r\n<h5 class=\"has-text-align-center wp-block-heading\">The Great Gig in the Sky<\/h5>\r\n\r\n\r\n\r\n<p style=\"text-align: justify;\">Angielskie okre\u015blenie &#8222;northern lights&#8221; &nbsp;oznacza zorz\u0119 polarn\u0105. Wypatrywali\u015bmy jej w czasie dw\u00f3ch kr\u00f3tkich wypad\u00f3w poza ko\u0142o polarne &#8211; w listopadzie 2019 i&nbsp;styczniu 2020. W\u0119drowali\u015bmy po bezludnej, za\u015bnie\u017conej tundrze w okolicach Tromso &#8211; najwi\u0119kszego miasta norweskiej p\u00f3\u0142nocy, le\u017c\u0105cego ok. 350 km za ko\u0142em polarnym. \u017beby zobaczy\u0107 zorz\u0119, potrzeba by\u0142o troch\u0119 bezchmurnej pogody i du\u017co szcz\u0119\u015bcia, bo S\u0142o\u0144ce by\u0142o w\u0142a\u015bnie w fazie minimum aktywno\u015bci, a&nbsp;wtedy rzadko powstaj\u0105 wiatry s\u0142oneczne. One to w\u0142a\u015bnie, wy\u0142apywane przez ziemskie pole magnetyczne, powoduj\u0105 rozb\u0142yski w g\u00f3rnych warstwach atmosfery, kt\u00f3re na Ziemi obserwujemy jako zorz\u0119.<\/p>\r\n<p style=\"text-align: justify;\">Ale \u015bwiat\u0142a p\u00f3\u0142nocy to nie tylko zorza. W styczniu niebo nad Tromso rozja\u015bnia si\u0119 tylko na ok. 3 godziny, a s\u0142o\u0144ce pozostaje ca\u0142y czas ukryte za horyzontem. Miasto \u017cyje jednak normalnie, \u015bwieci w\u0142asnym \u015bwiat\u0142em i z g\u00f3ry wygl\u0105da jak strumie\u0144 roz\u017carzonej lawy.<\/p>\r\n<p style=\"text-align: justify;\">&#8222;The Great Gig in the Sky&#8221; (Wielki spektakl na niebie) pochodzi z wydanego ju\u017c prawie 50 lat temu albumu &#8222;The Dark Side of the Moon&#8221; &#8211; niew\u0105tpliwie jednego z najs\u0142ynniejszych w historii muzyki rockowej. Jego reedycje sprzedaj\u0105 si\u0119 nadal i nie ma w tym nic dziwnego &#8211; moim zdaniem, muzyka nie zestarza\u0142a si\u0119 wcale, a&nbsp;ponury, pesymistyczny przekaz tej p\u0142yty jest coraz bardziej aktualny.<\/p>\r\n\r\n\r\n\r\n\r\n\r\n<div class=\"wp-block-image\"><figure class=\"aligncenter size-medium\"><a class=\"fancybox-vimeo\" href=\"http:\/\/player.vimeo.com\/video\/441151306?title=0;byline=0;portrait=0;autoplay=1;loop=1;quality=720p\"><img loading=\"lazy\" decoding=\"async\" width=\"300\" height=\"291\" src=\"https:\/\/www.piat.type.pl\/swiat\/wp-content\/uploads\/2020\/07\/tromso-4-300x291.jpg\" title=\"\u015awiat\u0142a p\u00f3\u0142nocy\" class=\"wp-image-1390\" srcset=\"https:\/\/www.piat.type.pl\/swiat\/wp-content\/uploads\/2020\/07\/tromso-4-300x291.jpg 300w, https:\/\/www.piat.type.pl\/swiat\/wp-content\/uploads\/2020\/07\/tromso-4-768x745.jpg 768w, https:\/\/www.piat.type.pl\/swiat\/wp-content\/uploads\/2020\/07\/tromso-4-508x493.jpg 508w, https:\/\/www.piat.type.pl\/swiat\/wp-content\/uploads\/2020\/07\/tromso-4.jpg 1024w\" sizes=\"auto, (max-width: 300px) 100vw, 300px\" \/><\/a><figcaption>Kliknij na obrazek, aby zobaczy\u0107 film<\/figcaption><\/figure><\/div>\r\n\r\n\r\n\r\n\r\n\r\n\r\n\r\n<p class=\"has-text-align-center\">Zdj\u0119cia:<br><strong>Andrzej Pi\u0105tek<\/strong><\/p>\r\n\r\n\r\n\r\n<p class=\"has-text-align-center\">Muzyka:<br><strong>Pink Floyd &#8211; &#8222;The Great Gig in the Sky&#8221;<\/strong><\/p>\r\n","protected":false},"excerpt":{"rendered":"<p>The Great Gig in the Sky Angielskie okre\u015blenie &#8222;northern lights&#8221; &nbsp;oznacza zorz\u0119 polarn\u0105. Wypatrywali\u015bmy jej w czasie dw\u00f3ch kr\u00f3tkich wypad\u00f3w poza ko\u0142o polarne &#8211; w listopadzie 2019 i&nbsp;styczniu 2020. W\u0119drowali\u015bmy po bezludnej, za\u015bnie\u017conej tundrze w okolicach Tromso &#8211; najwi\u0119kszego miasta norweskiej p\u00f3\u0142nocy, le\u017c\u0105cego ok. 350 km za ko\u0142em polarnym. \u017beby zobaczy\u0107 zorz\u0119, potrzeba by\u0142o troch\u0119 [&hellip;]<\/p>\n","protected":false},"author":1,"featured_media":1390,"parent":0,"menu_order":0,"comment_status":"closed","ping_status":"closed","template":"","meta":{"footnotes":""},"class_list":["post-1453","page","type-page","status-publish","has-post-thumbnail","hentry"],"_links":{"self":[{"href":"https:\/\/www.piat.type.pl\/swiat\/wp-json\/wp\/v2\/pages\/1453","targetHints":{"allow":["GET"]}}],"collection":[{"href":"https:\/\/www.piat.type.pl\/swiat\/wp-json\/wp\/v2\/pages"}],"about":[{"href":"https:\/\/www.piat.type.pl\/swiat\/wp-json\/wp\/v2\/types\/page"}],"author":[{"embeddable":true,"href":"https:\/\/www.piat.type.pl\/swiat\/wp-json\/wp\/v2\/users\/1"}],"replies":[{"embeddable":true,"href":"https:\/\/www.piat.type.pl\/swiat\/wp-json\/wp\/v2\/comments?post=1453"}],"version-history":[{"count":0,"href":"https:\/\/www.piat.type.pl\/swiat\/wp-json\/wp\/v2\/pages\/1453\/revisions"}],"wp:featuredmedia":[{"embeddable":true,"href":"https:\/\/www.piat.type.pl\/swiat\/wp-json\/wp\/v2\/media\/1390"}],"wp:attachment":[{"href":"https:\/\/www.piat.type.pl\/swiat\/wp-json\/wp\/v2\/media?parent=1453"}],"curies":[{"name":"wp","href":"https:\/\/api.w.org\/{rel}","templated":true}]}}