{"id":1429,"date":"2020-12-06T09:36:48","date_gmt":"2020-12-06T09:36:48","guid":{"rendered":"http:\/\/www.piat.type.pl\/swiat\/?p=1429"},"modified":"2020-12-06T13:06:03","modified_gmt":"2020-12-06T13:06:03","slug":"spojrzenie","status":"publish","type":"page","link":"https:\/\/www.piat.type.pl\/swiat\/spojrzenie\/","title":{"rendered":"Spojrzenie"},"content":{"rendered":"<p style=\"text-align: justify;\">Studium portretu bez zachowania jedno\u015bci czasu i miejsca. Zdj\u0119cia by\u0142y robione w czasie kilku wyjazd\u00f3w, g\u0142\u00f3wnie w Ameryce Po\u0142udniowej: w Peru, Ekwadorze, Argentynie i Meksyku, ale jest te\u017c kilka zdj\u0119\u0107 z Afryki &#8211; z Tanzanii. Do tego muzyka pochodz\u0105ca z ca\u0142kiem innego regionu.<br \/>\n<\/p>\n<div id=\"attachment_362\" style=\"width: 310px\" class=\"wp-caption aligncenter\"><a class=\"fancybox-vimeo\" href=\"http:\/\/player.vimeo.com\/video\/271125063?title=0;byline=0;portrait=0;autoplay=1;loop=1;autopause=0;quality=720p\"><img loading=\"lazy\" decoding=\"async\" aria-describedby=\"caption-attachment-362\" class=\"wp-image-362 size-medium\" title=\"Spojrzenie\" src=\"https:\/\/www.piat.type.pl\/swiat\/wp-content\/uploads\/2018\/05\/spojrzenie-300x300.jpg\" alt=\"Film niedost\u0119pny!\" width=\"300\" height=\"300\" srcset=\"https:\/\/www.piat.type.pl\/swiat\/wp-content\/uploads\/2018\/05\/spojrzenie-300x300.jpg 300w, https:\/\/www.piat.type.pl\/swiat\/wp-content\/uploads\/2018\/05\/spojrzenie-150x150.jpg 150w, https:\/\/www.piat.type.pl\/swiat\/wp-content\/uploads\/2018\/05\/spojrzenie-768x768.jpg 768w, https:\/\/www.piat.type.pl\/swiat\/wp-content\/uploads\/2018\/05\/spojrzenie-508x508.jpg 508w, https:\/\/www.piat.type.pl\/swiat\/wp-content\/uploads\/2018\/05\/spojrzenie.jpg 1024w\" sizes=\"auto, (max-width: 300px) 100vw, 300px\" \/><\/a><p id=\"caption-attachment-362\" class=\"wp-caption-text\">Kliknij na obrazek, aby zobaczy\u0107 film<\/p><\/div>\n<p><br \/>\n<\/p>\n<p style=\"text-align: center;\">Zdj\u0119cia:<br \/>\n<strong>Iwona Szumacher<\/strong><\/p>\n<p style=\"text-align: center;\">Piosenka:<br \/>\n<strong>Raz Dwa Trzy &#8211; &#8222;Sp\u00f3jrz &#8211; widz\u0119&#8221;<\/strong><\/p>\n","protected":false},"excerpt":{"rendered":"<p>Studium portretu bez zachowania jedno\u015bci czasu i miejsca. Zdj\u0119cia by\u0142y robione w czasie kilku wyjazd\u00f3w, g\u0142\u00f3wnie w Ameryce Po\u0142udniowej: w Peru, Ekwadorze, Argentynie i Meksyku, ale jest te\u017c kilka zdj\u0119\u0107 z Afryki &#8211; z Tanzanii. Do tego muzyka pochodz\u0105ca z ca\u0142kiem innego regionu. Zdj\u0119cia: Iwona Szumacher Piosenka: Raz Dwa Trzy &#8211; &#8222;Sp\u00f3jrz &#8211; widz\u0119&#8221;<\/p>\n","protected":false},"author":1,"featured_media":274,"parent":0,"menu_order":31,"comment_status":"closed","ping_status":"closed","template":"","meta":{"footnotes":""},"class_list":["post-1429","page","type-page","status-publish","has-post-thumbnail","hentry"],"_links":{"self":[{"href":"https:\/\/www.piat.type.pl\/swiat\/wp-json\/wp\/v2\/pages\/1429","targetHints":{"allow":["GET"]}}],"collection":[{"href":"https:\/\/www.piat.type.pl\/swiat\/wp-json\/wp\/v2\/pages"}],"about":[{"href":"https:\/\/www.piat.type.pl\/swiat\/wp-json\/wp\/v2\/types\/page"}],"author":[{"embeddable":true,"href":"https:\/\/www.piat.type.pl\/swiat\/wp-json\/wp\/v2\/users\/1"}],"replies":[{"embeddable":true,"href":"https:\/\/www.piat.type.pl\/swiat\/wp-json\/wp\/v2\/comments?post=1429"}],"version-history":[{"count":0,"href":"https:\/\/www.piat.type.pl\/swiat\/wp-json\/wp\/v2\/pages\/1429\/revisions"}],"wp:featuredmedia":[{"embeddable":true,"href":"https:\/\/www.piat.type.pl\/swiat\/wp-json\/wp\/v2\/media\/274"}],"wp:attachment":[{"href":"https:\/\/www.piat.type.pl\/swiat\/wp-json\/wp\/v2\/media?parent=1429"}],"curies":[{"name":"wp","href":"https:\/\/api.w.org\/{rel}","templated":true}]}}