{"id":1425,"date":"2020-12-06T09:36:48","date_gmt":"2020-12-06T09:36:48","guid":{"rendered":"http:\/\/www.piat.type.pl\/swiat\/?p=1425"},"modified":"2020-12-06T09:59:06","modified_gmt":"2020-12-06T09:59:06","slug":"poszukiwacze","status":"publish","type":"page","link":"https:\/\/www.piat.type.pl\/swiat\/poszukiwacze\/","title":{"rendered":"Poszukiwacze"},"content":{"rendered":"<p style=\"text-align: justify;\">Puna de Atacama. Zdj\u0119cia pochodz\u0105 z wyprawy z 2014 roku, kt\u00f3rej uczestnicy przemierzyli bezludny obszar pomi\u0119dzy Pissis i&nbsp;Bonete (trzecim i czwartym szczytem Ameryki) &#8211; okolice Kordonu Pionier\u00f3w i krateru Corona del Inca. Trudny teren, brak jakichkolwiek szlak\u00f3w, surowy klimat, postawi\u0142y du\u017ce wymagania uczestnikom tego przedsi\u0119wzi\u0119cia. Mogli si\u0119 poczu\u0107 jak pierwsi eksploratorzy Puny, kt\u00f3rzy, aby spr\u00f3bowa\u0107 wej\u015b\u0107 na upragnione szczyty,&nbsp; musieli najpierw znale\u017a\u0107 drog\u0119 do nich prowadz\u0105c\u0105. Tylko dobrze wsp\u00f3\u0142pracuj\u0105cy zesp\u00f3\u0142 ludzi mo\u017ce pokona\u0107 zniech\u0119cenie i znu\u017cenie, kt\u00f3re musi si\u0119 pojawi\u0107 w czasie wielodniowej w\u0119dr\u00f3wki. O tym opowiada impresja z&nbsp; podw\u00f3jn\u0105 narracj\u0105, prowadzon\u0105 w jednym w\u0105tku przez Adama Nowaka, kt\u00f3ry \u015bpiewa, a w drugim &#8211; przez Iwon\u0119, kt\u00f3ra wybra\u0142a inn\u0105 form\u0119 wypowiedzi.<br \/>\n<\/p>\n<div id=\"attachment_923\" style=\"width: 310px\" class=\"wp-caption aligncenter\"><a class=\"fancybox-vimeo\" href=\"http:\/\/player.vimeo.com\/video\/275165250?title=0;byline=0;portrait=0;autoplay=1;loop=1;quality=720p\"><img loading=\"lazy\" decoding=\"async\" aria-describedby=\"caption-attachment-923\" class=\"wp-image-923 size-medium\" title=\"Poszukiwacze\" src=\"https:\/\/www.piat.type.pl\/swiat\/wp-content\/uploads\/2018\/07\/poszukiwacze1-300x300.jpg\" alt=\"\" width=\"300\" height=\"300\" srcset=\"https:\/\/www.piat.type.pl\/swiat\/wp-content\/uploads\/2018\/07\/poszukiwacze1-300x300.jpg 300w, https:\/\/www.piat.type.pl\/swiat\/wp-content\/uploads\/2018\/07\/poszukiwacze1-150x150.jpg 150w, https:\/\/www.piat.type.pl\/swiat\/wp-content\/uploads\/2018\/07\/poszukiwacze1-768x768.jpg 768w, https:\/\/www.piat.type.pl\/swiat\/wp-content\/uploads\/2018\/07\/poszukiwacze1-508x508.jpg 508w, https:\/\/www.piat.type.pl\/swiat\/wp-content\/uploads\/2018\/07\/poszukiwacze1.jpg 1024w\" sizes=\"auto, (max-width: 300px) 100vw, 300px\" \/><\/a><p id=\"caption-attachment-923\" class=\"wp-caption-text\">Kliknij na obrazek, aby zobaczy\u0107 film<\/p><\/div>\n<p><br \/>\n<\/p>\n<p style=\"text-align: center;\">Tekst i zdj\u0119cia:<br \/>\n<strong>Iwona Szumacher<\/strong><\/p>\n<p style=\"text-align: center;\">Muzyka:<br \/>\n<strong>Raz Dwa Trzy &#8211; &#8222;Id\u0119 przed siebie&#8221;<\/strong><\/p>\n","protected":false},"excerpt":{"rendered":"<p>Puna de Atacama. Zdj\u0119cia pochodz\u0105 z wyprawy z 2014 roku, kt\u00f3rej uczestnicy przemierzyli bezludny obszar pomi\u0119dzy Pissis i&nbsp;Bonete (trzecim i czwartym szczytem Ameryki) &#8211; okolice Kordonu Pionier\u00f3w i krateru Corona del Inca. Trudny teren, brak jakichkolwiek szlak\u00f3w, surowy klimat, postawi\u0142y du\u017ce wymagania uczestnikom tego przedsi\u0119wzi\u0119cia. Mogli si\u0119 poczu\u0107 jak pierwsi eksploratorzy Puny, kt\u00f3rzy, aby spr\u00f3bowa\u0107 [&hellip;]<\/p>\n","protected":false},"author":1,"featured_media":926,"parent":0,"menu_order":22,"comment_status":"closed","ping_status":"closed","template":"","meta":{"footnotes":""},"class_list":["post-1425","page","type-page","status-publish","has-post-thumbnail","hentry"],"_links":{"self":[{"href":"https:\/\/www.piat.type.pl\/swiat\/wp-json\/wp\/v2\/pages\/1425","targetHints":{"allow":["GET"]}}],"collection":[{"href":"https:\/\/www.piat.type.pl\/swiat\/wp-json\/wp\/v2\/pages"}],"about":[{"href":"https:\/\/www.piat.type.pl\/swiat\/wp-json\/wp\/v2\/types\/page"}],"author":[{"embeddable":true,"href":"https:\/\/www.piat.type.pl\/swiat\/wp-json\/wp\/v2\/users\/1"}],"replies":[{"embeddable":true,"href":"https:\/\/www.piat.type.pl\/swiat\/wp-json\/wp\/v2\/comments?post=1425"}],"version-history":[{"count":0,"href":"https:\/\/www.piat.type.pl\/swiat\/wp-json\/wp\/v2\/pages\/1425\/revisions"}],"wp:featuredmedia":[{"embeddable":true,"href":"https:\/\/www.piat.type.pl\/swiat\/wp-json\/wp\/v2\/media\/926"}],"wp:attachment":[{"href":"https:\/\/www.piat.type.pl\/swiat\/wp-json\/wp\/v2\/media?parent=1425"}],"curies":[{"name":"wp","href":"https:\/\/api.w.org\/{rel}","templated":true}]}}