{"id":1415,"date":"2020-12-05T16:37:38","date_gmt":"2020-12-05T16:37:38","guid":{"rendered":"http:\/\/www.piat.type.pl\/swiat\/?p=1415"},"modified":"2021-05-09T15:54:43","modified_gmt":"2021-05-09T15:54:43","slug":"pustynia","status":"publish","type":"page","link":"https:\/\/www.piat.type.pl\/swiat\/pustynia\/","title":{"rendered":"Pustynia"},"content":{"rendered":"<p style=\"text-align: justify;\">Puna de Atacama jest p\u0142askowy\u017cem. Pomi\u0119dzy wyrastaj\u0105cymi z\u00a0niej szczytami rozci\u0105gaj\u0105 si\u0119 ogromne przestrzenie, lekko pofa\u0142dowane lub prawie p\u0142askie. Du\u017ca cz\u0119\u015b\u0107 Puny le\u017cy na wysoko\u015bci powy\u017cej 5000 metr\u00f3w i tam jest ju\u017c tylko pustynia rozumiana jako obszar niekoniecznie pozbawiony wody, ale na pewno pozbawiony \u017cycia. Wody w\u00a0niekt\u00f3rych miejscach rzeczywi\u015bcie nie ma, w\u00a0innych jest jej ca\u0142kiem sporo. Mo\u017cna znale\u017a\u0107 jeziora o\u00a0wszystkich mo\u017cliwych kolorach, zale\u017cnie od tego, jakie minera\u0142y wyst\u0119puj\u0105 w okolicy. Jednak ta woda nie daje \u017cycia. Po pierwsze dlatego, \u017ce jest za wysoko, po drugie dlatego, \u017ce cz\u0119sto jest to woda s\u0142ona. Na szcz\u0119\u015bcie s\u0105 jeszcze penitenty, czyli charakterystyczne dla tych obszar\u00f3w formy \u015bnie\u017cne, powstaj\u0105ce z\u00a0zimowych \u015bnieg\u00f3w na skutek wsp\u00f3lnego dzia\u0142ania s\u0142o\u0144ca i\u00a0wiatru. One s\u0105 cz\u0119sto jedynym \u017ar\u00f3d\u0142em wody nadaj\u0105cej si\u0119 do picia.<\/p>\n<p style=\"text-align: justify;\">Za t\u0142o pos\u0142u\u017cy\u0142o tango w elektronicznym wydaniu argenty\u0144skiej grupy Tanghetto. Nowoczesne\u00a0 tango ma si\u0119 ostatnio bardzo dobrze. Prekursorem tego kierunku by\u0142 Astor Piazzola, kt\u00f3ry po\u0142\u0105czy\u0142 tradycyjne tango z jazzem, potem powsta\u0142y zespo\u0142y, kt\u00f3re wprowadzi\u0142y do tanga elektronik\u0119 &#8211; na nowo aran\u017cuje si\u0119 stare melodie, powstaj\u0105 te\u017c ca\u0142kiem nowe.<br \/>\n<\/p>\n<p><div id=\"attachment_278\" style=\"width: 310px\" class=\"wp-caption aligncenter\"><a class=\"fancybox-vimeo\" href=\"http:\/\/player.vimeo.com\/video\/275168809?title=0;byline=0;portrait=0;autoplay=1;loop=1;quality=720p\"><img loading=\"lazy\" decoding=\"async\" aria-describedby=\"caption-attachment-278\" class=\"wp-image-278 size-medium\" title=\"Pustynia\" src=\"https:\/\/www.piat.type.pl\/swiat\/wp-content\/uploads\/2018\/05\/pustynia-4-300x300.jpg\" alt=\"\" width=\"300\" height=\"300\" srcset=\"https:\/\/www.piat.type.pl\/swiat\/wp-content\/uploads\/2018\/05\/pustynia-4-300x300.jpg 300w, https:\/\/www.piat.type.pl\/swiat\/wp-content\/uploads\/2018\/05\/pustynia-4-150x150.jpg 150w, https:\/\/www.piat.type.pl\/swiat\/wp-content\/uploads\/2018\/05\/pustynia-4-768x768.jpg 768w, https:\/\/www.piat.type.pl\/swiat\/wp-content\/uploads\/2018\/05\/pustynia-4-508x508.jpg 508w, https:\/\/www.piat.type.pl\/swiat\/wp-content\/uploads\/2018\/05\/pustynia-4.jpg 1024w\" sizes=\"auto, (max-width: 300px) 100vw, 300px\" \/><\/a><p id=\"caption-attachment-278\" class=\"wp-caption-text\">Kliknij na obrazek, aby zobaczy\u0107 film<\/p><\/div><br \/>\n<br \/>\n<\/p>\n<p style=\"text-align: center;\">Zdj\u0119cia:<br \/>\n<strong>Iwona Szumacher<\/strong><\/p>\n<p style=\"text-align: center;\">Muzyka:<br \/>\n<strong>Tanghetto &#8211; &#8222;Inmigrante&#8221;<\/strong><\/p>\n","protected":false},"excerpt":{"rendered":"<p>Puna de Atacama jest p\u0142askowy\u017cem. Pomi\u0119dzy wyrastaj\u0105cymi z\u00a0niej szczytami rozci\u0105gaj\u0105 si\u0119 ogromne przestrzenie, lekko pofa\u0142dowane lub prawie p\u0142askie. Du\u017ca cz\u0119\u015b\u0107 Puny le\u017cy na wysoko\u015bci powy\u017cej 5000 metr\u00f3w i tam jest ju\u017c tylko pustynia rozumiana jako obszar niekoniecznie pozbawiony wody, ale na pewno pozbawiony \u017cycia. Wody w\u00a0niekt\u00f3rych miejscach rzeczywi\u015bcie nie ma, w\u00a0innych jest jej ca\u0142kiem sporo. [&hellip;]<\/p>\n","protected":false},"author":1,"featured_media":278,"parent":0,"menu_order":23,"comment_status":"closed","ping_status":"closed","template":"","meta":{"footnotes":""},"class_list":["post-1415","page","type-page","status-publish","has-post-thumbnail","hentry"],"_links":{"self":[{"href":"https:\/\/www.piat.type.pl\/swiat\/wp-json\/wp\/v2\/pages\/1415","targetHints":{"allow":["GET"]}}],"collection":[{"href":"https:\/\/www.piat.type.pl\/swiat\/wp-json\/wp\/v2\/pages"}],"about":[{"href":"https:\/\/www.piat.type.pl\/swiat\/wp-json\/wp\/v2\/types\/page"}],"author":[{"embeddable":true,"href":"https:\/\/www.piat.type.pl\/swiat\/wp-json\/wp\/v2\/users\/1"}],"replies":[{"embeddable":true,"href":"https:\/\/www.piat.type.pl\/swiat\/wp-json\/wp\/v2\/comments?post=1415"}],"version-history":[{"count":1,"href":"https:\/\/www.piat.type.pl\/swiat\/wp-json\/wp\/v2\/pages\/1415\/revisions"}],"predecessor-version":[{"id":1761,"href":"https:\/\/www.piat.type.pl\/swiat\/wp-json\/wp\/v2\/pages\/1415\/revisions\/1761"}],"wp:featuredmedia":[{"embeddable":true,"href":"https:\/\/www.piat.type.pl\/swiat\/wp-json\/wp\/v2\/media\/278"}],"wp:attachment":[{"href":"https:\/\/www.piat.type.pl\/swiat\/wp-json\/wp\/v2\/media?parent=1415"}],"curies":[{"name":"wp","href":"https:\/\/api.w.org\/{rel}","templated":true}]}}